{"id":112240,"date":"2018-06-01T10:01:15","date_gmt":"2018-06-01T08:01:15","guid":{"rendered":"https:\/\/megacase.com\/?post_type=product&#038;p=112240"},"modified":"2026-03-25T15:34:33","modified_gmt":"2026-03-25T14:34:33","slug":"garderobencase-schwarz-mit-geteilter-tuere-auf-rollen-2","status":"publish","type":"product","link":"https:\/\/megacase.com\/de\/produkt\/garderobencase-schwarz-mit-geteilter-tuere-auf-rollen-2\/","title":{"rendered":"Garderobencase schwarz mit geteilter T\u00fcre auf Rollen"},"content":{"rendered":"<p>Single Door mit geteilter T\u00fcre vorne<br \/>\n4 Schubladen nach Kundenskizze<br \/>\ndar\u00fcber Rasterleisten f\u00fcr variable Einlegeb\u00f6den,<br \/>\n9mm Birke schwarz,<br \/>\n30 x 30mm Alukante,<br \/>\n2 Butterflys mittel mit \u00d6se,<br \/>\n10 Klappgriffe,<br \/>\n8 Stahlkugelecken,<br \/>\n6 Lenkrollen davon 4 gebremst (66,3&#215;49,0),<br \/>\nInnenausbau,<br \/>\nSchaumstoff<\/p>\n","protected":false},"excerpt":{"rendered":"<p>Single Door mit geteilter T\u00fcre vorne 4 Schubladen nach Kundenskizze dar\u00fcber Rasterleisten f\u00fcr variable Einlegeb\u00f6den, 9mm Birke schwarz, 30 x<\/p>\n","protected":false},"featured_media":0,"template":"","meta":{"_acf_changed":false},"product_brand":[],"product_cat":[13565],"product_tag":[],"class_list":{"0":"post-112240","1":"product","2":"type-product","3":"status-publish","5":"product_cat-catering-und-event-cases","7":"first","8":"instock","9":"taxable","10":"shipping-taxable","11":"purchasable","12":"product-type-simple"},"acf":[],"_links":{"self":[{"href":"https:\/\/megacase.com\/de\/wp-json\/wp\/v2\/product\/112240","targetHints":{"allow":["GET"]}}],"collection":[{"href":"https:\/\/megacase.com\/de\/wp-json\/wp\/v2\/product"}],"about":[{"href":"https:\/\/megacase.com\/de\/wp-json\/wp\/v2\/types\/product"}],"wp:attachment":[{"href":"https:\/\/megacase.com\/de\/wp-json\/wp\/v2\/media?parent=112240"}],"wp:term":[{"taxonomy":"product_brand","embeddable":true,"href":"https:\/\/megacase.com\/de\/wp-json\/wp\/v2\/product_brand?post=112240"},{"taxonomy":"product_cat","embeddable":true,"href":"https:\/\/megacase.com\/de\/wp-json\/wp\/v2\/product_cat?post=112240"},{"taxonomy":"product_tag","embeddable":true,"href":"https:\/\/megacase.com\/de\/wp-json\/wp\/v2\/product_tag?post=112240"}],"curies":[{"name":"wp","href":"https:\/\/api.w.org\/{rel}","templated":true}]}}