{"id":110017,"date":"2018-05-07T15:37:14","date_gmt":"2018-05-07T13:37:14","guid":{"rendered":"https:\/\/megacase.com\/?post_type=product&#038;p=110017"},"modified":"2026-03-25T15:34:43","modified_gmt":"2026-03-25T14:34:43","slug":"19-rackwanne-1-he","status":"publish","type":"product","link":"https:\/\/megacase.com\/de\/produkt\/19-rackwanne-1-he\/","title":{"rendered":"19&#8243; Rackwanne 1 HE"},"content":{"rendered":"<p>Produktart<br \/>\n19&#8243; Rackwannen<br \/>\nMaterial Stahl<br \/>\nOberfl\u00e4che pulverbeschichtet<br \/>\nFarbe schwarz<br \/>\nH\u00f6he 1 HE<br \/>\nBreite 19 &#8220;<br \/>\nTiefe 250 mm<br \/>\nMaterialst\u00e4rke 1,5 mm<br \/>\nGewicht 1,75 kg<\/p>\n","protected":false},"excerpt":{"rendered":"<p>Produktart 19&#8243; Rackwannen Material Stahl Oberfl\u00e4che pulverbeschichtet Farbe schwarz H\u00f6he 1 HE Breite 19 &#8220; Tiefe 250 mm Materialst\u00e4rke 1,5<\/p>\n","protected":false},"featured_media":110018,"template":"","meta":{"_acf_changed":false},"product_brand":[],"product_cat":[13513],"product_tag":[],"class_list":{"0":"post-110017","1":"product","2":"type-product","3":"status-publish","4":"has-post-thumbnail","6":"product_cat-zubehoer-rack","8":"first","9":"instock","10":"taxable","11":"shipping-taxable","12":"purchasable","13":"product-type-simple"},"acf":[],"_links":{"self":[{"href":"https:\/\/megacase.com\/de\/wp-json\/wp\/v2\/product\/110017","targetHints":{"allow":["GET"]}}],"collection":[{"href":"https:\/\/megacase.com\/de\/wp-json\/wp\/v2\/product"}],"about":[{"href":"https:\/\/megacase.com\/de\/wp-json\/wp\/v2\/types\/product"}],"wp:featuredmedia":[{"embeddable":true,"href":"https:\/\/megacase.com\/de\/wp-json\/wp\/v2\/media\/110018"}],"wp:attachment":[{"href":"https:\/\/megacase.com\/de\/wp-json\/wp\/v2\/media?parent=110017"}],"wp:term":[{"taxonomy":"product_brand","embeddable":true,"href":"https:\/\/megacase.com\/de\/wp-json\/wp\/v2\/product_brand?post=110017"},{"taxonomy":"product_cat","embeddable":true,"href":"https:\/\/megacase.com\/de\/wp-json\/wp\/v2\/product_cat?post=110017"},{"taxonomy":"product_tag","embeddable":true,"href":"https:\/\/megacase.com\/de\/wp-json\/wp\/v2\/product_tag?post=110017"}],"curies":[{"name":"wp","href":"https:\/\/api.w.org\/{rel}","templated":true}]}}