{"id":107710,"date":"2018-04-16T15:53:58","date_gmt":"2018-04-16T13:53:58","guid":{"rendered":"https:\/\/megacase.com\/?post_type=product&#038;p=107710"},"modified":"2026-03-25T15:34:48","modified_gmt":"2026-03-25T14:34:48","slug":"koffer-fuer-nec-p502hl-2-mit-zubehoerfach","status":"publish","type":"product","link":"https:\/\/megacase.com\/de\/produkt\/koffer-fuer-nec-p502hl-2-mit-zubehoerfach\/","title":{"rendered":"Koffer f\u00fcr NEC P502HL-2 mit Zubeh\u00f6rfach"},"content":{"rendered":"<p>Truhe mit 20cm Zubeh\u00f6rfach ungepolstert,<br \/>\n7mm Birke phenol,<br \/>\n30\/30 Alukante,<br \/>\n2 x Butterfly mittel,<br \/>\n2 x Feststellscharnier,<br \/>\n3 x Klappgriff,<br \/>\n4 x Kugelecke mittel mit Stapelmulde,<br \/>\n4 x Kugelecke mittel mit L-Ecke,<br \/>\nSchaumstoffpolsterung,<br \/>\nInnenausbau<\/p>\n","protected":false},"excerpt":{"rendered":"<p>Truhe mit 20cm Zubeh\u00f6rfach ungepolstert, 7mm Birke phenol, 30\/30 Alukante, 2 x Butterfly mittel, 2 x Feststellscharnier, 3 x Klappgriff,<\/p>\n","protected":false},"featured_media":110320,"template":"","meta":{"_acf_changed":false},"product_brand":[],"product_cat":[13553],"product_tag":[13930],"class_list":{"0":"post-107710","1":"product","2":"type-product","3":"status-publish","4":"has-post-thumbnail","6":"product_cat-beamercases-und-zubehoer-koffer","7":"product_tag-beamer","9":"first","10":"instock","11":"taxable","12":"shipping-taxable","13":"purchasable","14":"product-type-simple"},"acf":[],"_links":{"self":[{"href":"https:\/\/megacase.com\/de\/wp-json\/wp\/v2\/product\/107710","targetHints":{"allow":["GET"]}}],"collection":[{"href":"https:\/\/megacase.com\/de\/wp-json\/wp\/v2\/product"}],"about":[{"href":"https:\/\/megacase.com\/de\/wp-json\/wp\/v2\/types\/product"}],"wp:featuredmedia":[{"embeddable":true,"href":"https:\/\/megacase.com\/de\/wp-json\/wp\/v2\/media\/110320"}],"wp:attachment":[{"href":"https:\/\/megacase.com\/de\/wp-json\/wp\/v2\/media?parent=107710"}],"wp:term":[{"taxonomy":"product_brand","embeddable":true,"href":"https:\/\/megacase.com\/de\/wp-json\/wp\/v2\/product_brand?post=107710"},{"taxonomy":"product_cat","embeddable":true,"href":"https:\/\/megacase.com\/de\/wp-json\/wp\/v2\/product_cat?post=107710"},{"taxonomy":"product_tag","embeddable":true,"href":"https:\/\/megacase.com\/de\/wp-json\/wp\/v2\/product_tag?post=107710"}],"curies":[{"name":"wp","href":"https:\/\/api.w.org\/{rel}","templated":true}]}}