{"id":106657,"date":"2018-04-11T10:12:49","date_gmt":"2018-04-11T08:12:49","guid":{"rendered":"https:\/\/megacase.com\/?post_type=product&#038;p=106657"},"modified":"2026-03-25T15:34:48","modified_gmt":"2026-03-25T14:34:48","slug":"double-door-amp-case-inkl-19-einheit-10he-3","status":"publish","type":"product","link":"https:\/\/megacase.com\/de\/produkt\/double-door-amp-case-inkl-19-einheit-10he-3\/","title":{"rendered":"Double Door Amp Case inkl. 19&#8243; Einheit 8HE"},"content":{"rendered":"<p>Double Door Amp Case auf Rollen<br \/>\n8HE Rackeinheit dar\u00fcber mittig ,<br \/>\nAmp Gr\u00f6\u00dfe inkl. F\u00fc\u00dfe und Griff 735 x 240 x 315 mm BxTxH,<br \/>\n+ Rackschiene hinten,<br \/>\nNutztiefe Rackeinheit 40cm,<br \/>\nKorpustiefe Rackeinheit 43 cm,<br \/>\nDouble Door,<br \/>\n7 mm Birkenmultiplex schwarz RAL 9004,<br \/>\n30\/30 Aluprofil,<br \/>\n8 x Butterfly-Verschluss medium,<br \/>\n4x Klappgriff mittel,<br \/>\n4 x Lenkrolle (2xgebremst),<br \/>\n8 Stahlkugelecken medium mit L-Ecke,<br \/>\nInnenausbau<\/p>\n","protected":false},"excerpt":{"rendered":"<p>Double Door Amp Case auf Rollen 8HE Rackeinheit dar\u00fcber mittig , Amp Gr\u00f6\u00dfe inkl. F\u00fc\u00dfe und Griff 735 x 240<\/p>\n","protected":false},"featured_media":110288,"template":"","meta":{"_acf_changed":false},"product_brand":[],"product_cat":[13499,13510,13580],"product_tag":[],"class_list":{"0":"post-106657","1":"product","2":"type-product","3":"status-publish","4":"has-post-thumbnail","6":"product_cat-amp-cases","7":"product_cat-racks","8":"product_cat-combo-cases","10":"first","11":"instock","12":"taxable","13":"shipping-taxable","14":"purchasable","15":"product-type-simple"},"acf":[],"_links":{"self":[{"href":"https:\/\/megacase.com\/de\/wp-json\/wp\/v2\/product\/106657","targetHints":{"allow":["GET"]}}],"collection":[{"href":"https:\/\/megacase.com\/de\/wp-json\/wp\/v2\/product"}],"about":[{"href":"https:\/\/megacase.com\/de\/wp-json\/wp\/v2\/types\/product"}],"wp:featuredmedia":[{"embeddable":true,"href":"https:\/\/megacase.com\/de\/wp-json\/wp\/v2\/media\/110288"}],"wp:attachment":[{"href":"https:\/\/megacase.com\/de\/wp-json\/wp\/v2\/media?parent=106657"}],"wp:term":[{"taxonomy":"product_brand","embeddable":true,"href":"https:\/\/megacase.com\/de\/wp-json\/wp\/v2\/product_brand?post=106657"},{"taxonomy":"product_cat","embeddable":true,"href":"https:\/\/megacase.com\/de\/wp-json\/wp\/v2\/product_cat?post=106657"},{"taxonomy":"product_tag","embeddable":true,"href":"https:\/\/megacase.com\/de\/wp-json\/wp\/v2\/product_tag?post=106657"}],"curies":[{"name":"wp","href":"https:\/\/api.w.org\/{rel}","templated":true}]}}