{"id":104596,"date":"2018-03-19T10:42:40","date_gmt":"2018-03-19T09:42:40","guid":{"rendered":"https:\/\/megacase.com\/?post_type=product&#038;p=104596"},"modified":"2026-03-25T15:34:52","modified_gmt":"2026-03-25T14:34:52","slug":"truhencase-fuer-7-laptops","status":"publish","type":"product","link":"https:\/\/megacase.com\/de\/produkt\/truhencase-fuer-7-laptops\/","title":{"rendered":"Truhencase f\u00fcr 7 LapTops"},"content":{"rendered":"<p>36cm x 26,5cm x 3cm<br \/>\nLaptops werden in ein Schaumstoffinlay gesteckt daneben ein gepolstertes Zubeh\u00f6rfach,<br \/>\nGr\u00f6\u00dfe des Faches 150mm breit,<br \/>\n7mm Birkenmultiplex beschichtet,<br \/>\n30 x 30mm Alukante,<br \/>\n2 Butterfly-Verschl\u00fcsse mittel,<br \/>\n2 Klappgriffe mittel,8 Stahlkugelecken mittel,<br \/>\nInnenausbau,<br \/>\nSchaumstoffpolsterung<\/p>\n","protected":false},"excerpt":{"rendered":"<p>36cm x 26,5cm x 3cm Laptops werden in ein Schaumstoffinlay gesteckt daneben ein gepolstertes Zubeh\u00f6rfach, Gr\u00f6\u00dfe des Faches 150mm breit,<\/p>\n","protected":false},"featured_media":104597,"template":"","meta":{"_acf_changed":false},"product_brand":[],"product_cat":[13562],"product_tag":[],"class_list":{"0":"post-104596","1":"product","2":"type-product","3":"status-publish","4":"has-post-thumbnail","6":"product_cat-netbook-koffer","8":"first","9":"instock","10":"taxable","11":"shipping-taxable","12":"purchasable","13":"product-type-simple"},"acf":[],"_links":{"self":[{"href":"https:\/\/megacase.com\/de\/wp-json\/wp\/v2\/product\/104596","targetHints":{"allow":["GET"]}}],"collection":[{"href":"https:\/\/megacase.com\/de\/wp-json\/wp\/v2\/product"}],"about":[{"href":"https:\/\/megacase.com\/de\/wp-json\/wp\/v2\/types\/product"}],"wp:featuredmedia":[{"embeddable":true,"href":"https:\/\/megacase.com\/de\/wp-json\/wp\/v2\/media\/104597"}],"wp:attachment":[{"href":"https:\/\/megacase.com\/de\/wp-json\/wp\/v2\/media?parent=104596"}],"wp:term":[{"taxonomy":"product_brand","embeddable":true,"href":"https:\/\/megacase.com\/de\/wp-json\/wp\/v2\/product_brand?post=104596"},{"taxonomy":"product_cat","embeddable":true,"href":"https:\/\/megacase.com\/de\/wp-json\/wp\/v2\/product_cat?post=104596"},{"taxonomy":"product_tag","embeddable":true,"href":"https:\/\/megacase.com\/de\/wp-json\/wp\/v2\/product_tag?post=104596"}],"curies":[{"name":"wp","href":"https:\/\/api.w.org\/{rel}","templated":true}]}}