{"id":103745,"date":"2018-03-06T09:55:10","date_gmt":"2018-03-06T08:55:10","guid":{"rendered":"https:\/\/megacase.com\/?post_type=product&#038;p=103745"},"modified":"2026-03-25T15:34:53","modified_gmt":"2026-03-25T14:34:53","slug":"truhencase-fuer-5-laptops-trolly-fa","status":"publish","type":"product","link":"https:\/\/megacase.com\/de\/produkt\/truhencase-fuer-5-laptops-trolly-fa\/","title":{"rendered":"Truhencase f\u00fcr 5 Laptops + Trolly \/ FA"},"content":{"rendered":"<p>Truhencase mit eingelassenen Eckeinbaurollen links, einem eingelassenen 2-stufigen Einbau-Trollygriff unten der nach rechts heraus gezogen werden kann,<br \/>\nLaptops werden in ein Schaumstoffinlay gesteckt daneben ein gepolstertes Zubeh\u00f6rfach f\u00fcr Netzteil, M\u00e4use, Mauspad und Mehrfachstecker,<br \/>\nGr\u00f6\u00dfe des Faches 150mm breit und ca. 300mm tief;<br \/>\n7mm Birkenmultiplex beschichtet,<br \/>\nFarbe: himmelblau<br \/>\n30 x 30mm Alukante,<br \/>\n2Butterfly-Verschl\u00fcsse mittel,<br \/>\n2 Klappgriffe mittel,<br \/>\n2 Skatereckeinbaurollen 48mm<br \/>\n1 Trolly-Einbaurgiff 2-Stufig<br \/>\n6 Stahlkugelecken mittel,<br \/>\nInnenausbau,<br \/>\nSchaumstoffpolsterung<br \/>\n4 Gummif\u00fc\u00dfe 38 x 20 mm<br \/>\nhergestellt in Deutschland<\/p>\n","protected":false},"excerpt":{"rendered":"<p>Truhencase mit eingelassenen Eckeinbaurollen links, einem eingelassenen 2-stufigen Einbau-Trollygriff unten der nach rechts heraus gezogen werden kann, Laptops werden in<\/p>\n","protected":false},"featured_media":103746,"template":"","meta":{"_acf_changed":false},"product_brand":[],"product_cat":[13509,13562],"product_tag":[],"class_list":{"0":"post-103745","1":"product","2":"type-product","3":"status-publish","4":"has-post-thumbnail","6":"product_cat-truhen-cases","7":"product_cat-netbook-koffer","9":"first","10":"instock","11":"taxable","12":"shipping-taxable","13":"purchasable","14":"product-type-simple"},"acf":[],"_links":{"self":[{"href":"https:\/\/megacase.com\/de\/wp-json\/wp\/v2\/product\/103745","targetHints":{"allow":["GET"]}}],"collection":[{"href":"https:\/\/megacase.com\/de\/wp-json\/wp\/v2\/product"}],"about":[{"href":"https:\/\/megacase.com\/de\/wp-json\/wp\/v2\/types\/product"}],"wp:featuredmedia":[{"embeddable":true,"href":"https:\/\/megacase.com\/de\/wp-json\/wp\/v2\/media\/103746"}],"wp:attachment":[{"href":"https:\/\/megacase.com\/de\/wp-json\/wp\/v2\/media?parent=103745"}],"wp:term":[{"taxonomy":"product_brand","embeddable":true,"href":"https:\/\/megacase.com\/de\/wp-json\/wp\/v2\/product_brand?post=103745"},{"taxonomy":"product_cat","embeddable":true,"href":"https:\/\/megacase.com\/de\/wp-json\/wp\/v2\/product_cat?post=103745"},{"taxonomy":"product_tag","embeddable":true,"href":"https:\/\/megacase.com\/de\/wp-json\/wp\/v2\/product_tag?post=103745"}],"curies":[{"name":"wp","href":"https:\/\/api.w.org\/{rel}","templated":true}]}}