{"id":103686,"date":"2018-03-05T11:06:29","date_gmt":"2018-03-05T10:06:29","guid":{"rendered":"https:\/\/megacase.com\/?post_type=product&#038;p=103686"},"modified":"2026-03-25T15:34:54","modified_gmt":"2026-03-25T14:34:54","slug":"truhe-620x475x475-aussenmass","status":"publish","type":"product","link":"https:\/\/megacase.com\/de\/produkt\/truhe-620x475x475-aussenmass\/","title":{"rendered":"Truhe 620x475x475 Au\u00dfenma\u00df"},"content":{"rendered":"<p>Truhencase mit den max. Au\u00dfenma\u00dfen von 620 x 475 x 475 mm BxTxH,<br \/>\nInnenma\u00dfe 569 x 420 x 410 mm BxTxH;<br \/>\n7mm Birkenmultiplex phenol, 30 x 30mm Alukante,<br \/>\n2 Butterfly-Verschl\u00fcsse mittel, 2 Klappgriffe mittel, 2 Feststellscharniere gro\u00df<br \/>\n8 Stahlecken flach mittel, 10mm Schaumstoffpolsterung, hergestellt in Deutschland<\/p>\n","protected":false},"excerpt":{"rendered":"<p>Truhencase mit den max. Au\u00dfenma\u00dfen von 620 x 475 x 475 mm BxTxH, Innenma\u00dfe 569 x 420 x 410 mm<\/p>\n","protected":false},"featured_media":124130,"template":"","meta":{"_acf_changed":false},"product_brand":[],"product_cat":[13494,13504,13508,13509],"product_tag":[],"class_list":{"0":"post-103686","1":"product","2":"type-product","3":"status-publish","4":"has-post-thumbnail","6":"product_cat-custom-cases","7":"product_cat-koffer-cases","8":"product_cat-universal-flightcases","9":"product_cat-truhen-cases","11":"first","12":"instock","13":"taxable","14":"shipping-taxable","15":"purchasable","16":"product-type-simple"},"acf":[],"_links":{"self":[{"href":"https:\/\/megacase.com\/de\/wp-json\/wp\/v2\/product\/103686","targetHints":{"allow":["GET"]}}],"collection":[{"href":"https:\/\/megacase.com\/de\/wp-json\/wp\/v2\/product"}],"about":[{"href":"https:\/\/megacase.com\/de\/wp-json\/wp\/v2\/types\/product"}],"wp:featuredmedia":[{"embeddable":true,"href":"https:\/\/megacase.com\/de\/wp-json\/wp\/v2\/media\/124130"}],"wp:attachment":[{"href":"https:\/\/megacase.com\/de\/wp-json\/wp\/v2\/media?parent=103686"}],"wp:term":[{"taxonomy":"product_brand","embeddable":true,"href":"https:\/\/megacase.com\/de\/wp-json\/wp\/v2\/product_brand?post=103686"},{"taxonomy":"product_cat","embeddable":true,"href":"https:\/\/megacase.com\/de\/wp-json\/wp\/v2\/product_cat?post=103686"},{"taxonomy":"product_tag","embeddable":true,"href":"https:\/\/megacase.com\/de\/wp-json\/wp\/v2\/product_tag?post=103686"}],"curies":[{"name":"wp","href":"https:\/\/api.w.org\/{rel}","templated":true}]}}