{"id":100899,"date":"2018-01-24T10:19:02","date_gmt":"2018-01-24T09:19:02","guid":{"rendered":"https:\/\/megacase.com\/?post_type=product&#038;p=100899"},"modified":"2026-03-25T15:37:27","modified_gmt":"2026-03-25T14:37:27","slug":"single-door-case-aussenmasse-1100x700x450","status":"publish","type":"product","link":"https:\/\/megacase.com\/de\/produkt\/single-door-case-aussenmasse-1100x700x450\/","title":{"rendered":"Single Door 1100x700x454"},"content":{"rendered":"<p>Single Door Case mit den Au\u00dfenma\u00dfen \u00fcber alles von 1100x700x454 mm,<br \/>\naus 6,5 mm Birkenmultiplex Mehrschichtholz Phenolharz beschichtet<br \/>\nFarbe: braun<br \/>\nlinks und rechts jeweils zwei Klappgriffe<br \/>\noben zwei Butterflys-Verschl\u00fcsse,<br \/>\nunten 3 Feststellscharniere gro\u00df,<br \/>\n30&#215;30 mm Alukante,<br \/>\n8 flache Ecken<br \/>\nhergestellt in Deutschland<br \/>\nAu\u00dfenma\u00dfe BxTxH ca.: 1100 x 700 x 454 mm<br \/>\nInnenma\u00dfe BxTxH ca.: 1067 x 677 x 417 mm<br \/>\nGewicht ca.: 17,2 kg<\/p>\n","protected":false},"excerpt":{"rendered":"<p>Single Door Case mit den Au\u00dfenma\u00dfen \u00fcber alles von 1100x700x454 mm, aus 6,5 mm Birkenmultiplex Mehrschichtholz Phenolharz beschichtet Farbe: braun<\/p>\n","protected":false},"featured_media":194990,"template":"","meta":{"_acf_changed":false},"product_brand":[],"product_cat":[13508,13509],"product_tag":[],"class_list":{"0":"post-100899","1":"product","2":"type-product","3":"status-publish","4":"has-post-thumbnail","6":"product_cat-universal-flightcases","7":"product_cat-truhen-cases","9":"first","10":"instock","11":"taxable","12":"shipping-taxable","13":"purchasable","14":"product-type-simple"},"acf":[],"_links":{"self":[{"href":"https:\/\/megacase.com\/de\/wp-json\/wp\/v2\/product\/100899","targetHints":{"allow":["GET"]}}],"collection":[{"href":"https:\/\/megacase.com\/de\/wp-json\/wp\/v2\/product"}],"about":[{"href":"https:\/\/megacase.com\/de\/wp-json\/wp\/v2\/types\/product"}],"wp:featuredmedia":[{"embeddable":true,"href":"https:\/\/megacase.com\/de\/wp-json\/wp\/v2\/media\/194990"}],"wp:attachment":[{"href":"https:\/\/megacase.com\/de\/wp-json\/wp\/v2\/media?parent=100899"}],"wp:term":[{"taxonomy":"product_brand","embeddable":true,"href":"https:\/\/megacase.com\/de\/wp-json\/wp\/v2\/product_brand?post=100899"},{"taxonomy":"product_cat","embeddable":true,"href":"https:\/\/megacase.com\/de\/wp-json\/wp\/v2\/product_cat?post=100899"},{"taxonomy":"product_tag","embeddable":true,"href":"https:\/\/megacase.com\/de\/wp-json\/wp\/v2\/product_tag?post=100899"}],"curies":[{"name":"wp","href":"https:\/\/api.w.org\/{rel}","templated":true}]}}