{"id":100820,"date":"2018-01-23T14:38:58","date_gmt":"2018-01-23T13:38:58","guid":{"rendered":"https:\/\/megacase.com\/?post_type=product&#038;p=100820"},"modified":"2026-03-25T15:37:28","modified_gmt":"2026-03-25T14:37:28","slug":"rampencase-fuer-motorblock-1070x1070x1100-rg","status":"publish","type":"product","link":"https:\/\/megacase.com\/de\/produkt\/rampencase-fuer-motorblock-1070x1070x1100-rg\/","title":{"rendered":"Rampencase f\u00fcr Motorblock 1070x1070x1100 + RG"},"content":{"rendered":"<p>Heavy-Rampencase mit einem 18mm starken Boden auf Rollen (2x gebremst)<br \/>\nmit Schaumstoffpolsterung und variablen Zurrleisten im Case<br \/>\nf\u00fcr einen Motorblock inkl. Gestell mit den Ma\u00dfen von 1070 x 1070 x 1100 mm BxTxH,<br \/>\nzus\u00e4tzlich 50mm Platz in der H\u00f6he;<br \/>\n9mm Birkenmultiplex, 35 x 35 mm Alukante,<br \/>\nSchaumstoffpolsterung, 4 Lenkrollen davon 2 gebremst (Traglast 450 kg),<br \/>\n6 gefederte Butterfly-Verschl\u00fc\u00dfe gro\u00df,<br \/>\n4 Klappgriffe gro\u00df, 8 Stahlkugelecken gro\u00df,<br \/>\nhergestellt in Deutschland<\/p>\n","protected":false},"excerpt":{"rendered":"<p>Heavy-Rampencase mit einem 18mm starken Boden auf Rollen (2x gebremst) mit Schaumstoffpolsterung und variablen Zurrleisten im Case f\u00fcr einen Motorblock<\/p>\n","protected":false},"featured_media":109231,"template":"","meta":{"_acf_changed":false},"product_brand":[],"product_cat":[13831],"product_tag":[],"class_list":{"0":"post-100820","1":"product","2":"type-product","3":"status-publish","4":"has-post-thumbnail","6":"product_cat-rampencase","8":"first","9":"instock","10":"taxable","11":"shipping-taxable","12":"purchasable","13":"product-type-simple"},"acf":[],"_links":{"self":[{"href":"https:\/\/megacase.com\/de\/wp-json\/wp\/v2\/product\/100820","targetHints":{"allow":["GET"]}}],"collection":[{"href":"https:\/\/megacase.com\/de\/wp-json\/wp\/v2\/product"}],"about":[{"href":"https:\/\/megacase.com\/de\/wp-json\/wp\/v2\/types\/product"}],"wp:featuredmedia":[{"embeddable":true,"href":"https:\/\/megacase.com\/de\/wp-json\/wp\/v2\/media\/109231"}],"wp:attachment":[{"href":"https:\/\/megacase.com\/de\/wp-json\/wp\/v2\/media?parent=100820"}],"wp:term":[{"taxonomy":"product_brand","embeddable":true,"href":"https:\/\/megacase.com\/de\/wp-json\/wp\/v2\/product_brand?post=100820"},{"taxonomy":"product_cat","embeddable":true,"href":"https:\/\/megacase.com\/de\/wp-json\/wp\/v2\/product_cat?post=100820"},{"taxonomy":"product_tag","embeddable":true,"href":"https:\/\/megacase.com\/de\/wp-json\/wp\/v2\/product_tag?post=100820"}],"curies":[{"name":"wp","href":"https:\/\/api.w.org\/{rel}","templated":true}]}}