{"id":8,"date":"2015-07-15T15:37:40","date_gmt":"2015-07-15T13:37:40","guid":{"rendered":"http:\/\/mc.sunlab.eu\/?page_id=8"},"modified":"2024-10-14T08:38:00","modified_gmt":"2024-10-14T06:38:00","slug":"home","status":"publish","type":"page","link":"https:\/\/megacase.com\/de\/","title":{"rendered":"DER ONLINE FLIGHTCASE-KONFIGURATOR"},"content":{"rendered":"<p>&nbsp;<\/p>\n<div>[megacase_splide_slider sl_border=&#8220;true&#8220; columns=&#8220;3&#8243; size=&#8220;large&#8220; link=&#8220;file&#8220; slick_active=&#8220;true&#8220; sl_autoplay=&#8220;true&#8220; sl_slidesToScroll=&#8220;3&#8243; sl_slidestoshow=&#8220;3&#8243; sl_variablewidth=&#8220;true&#8220; ids=&#8220;advertising_slider&#8220;]<\/div>\n<p>&nbsp;<\/p>\n<p style=\"text-align: center;\"><strong><span style=\"color: #ff6600;\">Cases suchen ein Zuhause.<\/span><\/strong><\/p>\n<p style=\"text-align: center;\"><strong><span style=\"color: #ff6600;\">Schau mal rein bei unseren <a href=\"https:\/\/megacase.com\/de\/product-tags\/b-stock\/\">Restposten<\/a><\/span><\/strong><\/p>\n<p>&nbsp;<\/p>\n<p><span style=\"font-weight: 400;\">Megacase baut f\u00fcr Sie Flightcases nach Ma\u00df. In unserer deutschen Produktion fertigen wir Transportkoffer, Racks und Spezialcases nach Kundenwunsch.<\/span><span style=\"font-weight: 400;\"><br \/>\n<\/span><span style=\"font-weight: 400;\">Auf megacase.com k\u00f6nnen Sie Ihr Wunschcase nach Ihren ganz pers\u00f6nlichen W\u00fcnschen und Vorstellungen zusammenstellen und risikolos bestellen.<\/span><\/p>\n","protected":false},"excerpt":{"rendered":"<p>&nbsp; [megacase_splide_slider sl_border=&#8220;true&#8220; columns=&#8220;3&#8243; size=&#8220;large&#8220; link=&#8220;file&#8220; slick_active=&#8220;true&#8220; sl_autoplay=&#8220;true&#8220; sl_slidesToScroll=&#8220;3&#8243; sl_slidestoshow=&#8220;3&#8243; sl_variablewidth=&#8220;true&#8220; ids=&#8220;advertising_slider&#8220;] &nbsp; Cases suchen ein Zuhause. Schau mal rein<\/p>\n","protected":false},"author":8993,"featured_media":66932,"parent":0,"menu_order":0,"comment_status":"closed","ping_status":"closed","template":"","meta":{"_acf_changed":false,"footnotes":""},"class_list":["post-8","page","type-page","status-publish","has-post-thumbnail","hentry"],"acf":[],"_links":{"self":[{"href":"https:\/\/megacase.com\/de\/wp-json\/wp\/v2\/pages\/8","targetHints":{"allow":["GET"]}}],"collection":[{"href":"https:\/\/megacase.com\/de\/wp-json\/wp\/v2\/pages"}],"about":[{"href":"https:\/\/megacase.com\/de\/wp-json\/wp\/v2\/types\/page"}],"author":[{"embeddable":true,"href":"https:\/\/megacase.com\/de\/wp-json\/wp\/v2\/users\/8993"}],"replies":[{"embeddable":true,"href":"https:\/\/megacase.com\/de\/wp-json\/wp\/v2\/comments?post=8"}],"version-history":[{"count":6,"href":"https:\/\/megacase.com\/de\/wp-json\/wp\/v2\/pages\/8\/revisions"}],"predecessor-version":[{"id":269559,"href":"https:\/\/megacase.com\/de\/wp-json\/wp\/v2\/pages\/8\/revisions\/269559"}],"wp:featuredmedia":[{"embeddable":true,"href":"https:\/\/megacase.com\/de\/wp-json\/wp\/v2\/media\/66932"}],"wp:attachment":[{"href":"https:\/\/megacase.com\/de\/wp-json\/wp\/v2\/media?parent=8"}],"curies":[{"name":"wp","href":"https:\/\/api.w.org\/{rel}","templated":true}]}}