{"id":62093,"date":"2017-05-18T18:04:34","date_gmt":"2017-05-18T16:04:34","guid":{"rendered":"https:\/\/mcx.sunlab.eu\/?page_id=62093\/"},"modified":"2023-11-07T13:04:44","modified_gmt":"2023-11-07T12:04:44","slug":"farben-beschichtungen","status":"publish","type":"page","link":"https:\/\/megacase.com\/de\/farben-beschichtungen\/","title":{"rendered":"Farben &#038; Beschichtungen"},"content":{"rendered":"<p>Regul\u00e4r bekommt unser Birkenfurnier eine hochwertige <strong>Phenolharz-Beschichtung<\/strong>,<br \/>\nwelche die Megacases wetterbest\u00e4ndiger macht, und jedem Flightcase die typische braune Farbe verleiht.Megacase bietet jedoch eine Vielzahl an weiteren Farben, welche f\u00fcr 7mm sowohl als auch f\u00fcr das 9mm Multiplex zur Verf\u00fcgung stehen. Neben der stucco-dessinierten Oberfl\u00e4che in Aluminiumoptik, handelt es sich um qualitativ hochwertige PVC Beschichtungen. Die Oberfl\u00e4chenbeschichtung gem\u00e4\u00df DIN EN 204 ist <strong>sehr widerstandsf\u00e4hig<\/strong>, und die spezielle <strong>Anti-Scratch-Struktur<\/strong> auf der Oberfl\u00e4che sorgt daf\u00fcr, dass nicht jeder Kratzer sofort sichtbar wird.<\/p>\n<p><a href=\"https:\/\/cdn.megacase.com\/wp-content\/uploads\/2017\/09\/farben.jpg\"><img loading=\"lazy\" decoding=\"async\" class=\"alignnone wp-image-72757 size-medium\" src=\"https:\/\/cdn.megacase.com\/wp-content\/uploads\/2017\/09\/farben-300x284.jpg\" alt=\"\" width=\"300\" height=\"284\" srcset=\"https:\/\/cdn.megacase.com\/wp-content\/uploads\/2017\/09\/farben-300x284.jpg 300w, https:\/\/cdn.megacase.com\/wp-content\/uploads\/2017\/09\/farben-150x142.jpg 150w, https:\/\/cdn.megacase.com\/wp-content\/uploads\/2017\/09\/farben-24x24.jpg 24w, https:\/\/cdn.megacase.com\/wp-content\/uploads\/2017\/09\/farben-48x45.jpg 48w, https:\/\/cdn.megacase.com\/wp-content\/uploads\/2017\/09\/farben-18x18.jpg 18w, https:\/\/cdn.megacase.com\/wp-content\/uploads\/2017\/09\/farben.jpg 741w\" sizes=\"auto, (max-width: 300px) 100vw, 300px\" \/><\/a><\/p>\n","protected":false},"excerpt":{"rendered":"<p>Regul\u00e4r bekommt unser Birkenfurnier eine hochwertige Phenolharz-Beschichtung, welche die Megacases wetterbest\u00e4ndiger macht, und jedem Flightcase die typische braune Farbe verleiht.Megacase<\/p>\n","protected":false},"author":8993,"featured_media":0,"parent":0,"menu_order":0,"comment_status":"closed","ping_status":"closed","template":"","meta":{"_acf_changed":false,"footnotes":""},"class_list":["post-62093","page","type-page","status-publish","hentry"],"acf":[],"_links":{"self":[{"href":"https:\/\/megacase.com\/de\/wp-json\/wp\/v2\/pages\/62093","targetHints":{"allow":["GET"]}}],"collection":[{"href":"https:\/\/megacase.com\/de\/wp-json\/wp\/v2\/pages"}],"about":[{"href":"https:\/\/megacase.com\/de\/wp-json\/wp\/v2\/types\/page"}],"author":[{"embeddable":true,"href":"https:\/\/megacase.com\/de\/wp-json\/wp\/v2\/users\/8993"}],"replies":[{"embeddable":true,"href":"https:\/\/megacase.com\/de\/wp-json\/wp\/v2\/comments?post=62093"}],"version-history":[{"count":5,"href":"https:\/\/megacase.com\/de\/wp-json\/wp\/v2\/pages\/62093\/revisions"}],"predecessor-version":[{"id":252805,"href":"https:\/\/megacase.com\/de\/wp-json\/wp\/v2\/pages\/62093\/revisions\/252805"}],"wp:attachment":[{"href":"https:\/\/megacase.com\/de\/wp-json\/wp\/v2\/media?parent=62093"}],"curies":[{"name":"wp","href":"https:\/\/api.w.org\/{rel}","templated":true}]}}