{"id":61711,"date":"2017-05-18T17:57:21","date_gmt":"2017-05-18T15:57:21","guid":{"rendered":"https:\/\/mcx.sunlab.eu\/?page_id=61711\/"},"modified":"2017-09-28T14:22:26","modified_gmt":"2017-09-28T12:22:26","slug":"flightcase-konfigurator-info","status":"publish","type":"page","link":"https:\/\/megacase.com\/de\/flightcase-konfigurator-info\/","title":{"rendered":"Flightcase Konfigurator Info"},"content":{"rendered":"<table border=\"0\" width=\"800\" cellspacing=\"10\">\n<tbody>\n<tr>\n<td width=\"536\"><strong><em>Die Ma\u00dfe im Konfigurator:<\/em><\/strong><\/p>\n<p>Die Eingabefelder f\u00fcr L\u00e4nge, H\u00f6he, Breite beziehen sich auf das Innenma\u00df.<br \/>\nHier muss also das Ma\u00df stehen, welches Sie letztendlich effektiv nutzen m\u00f6chten. (Lichtes Innenma\u00df)<br \/>\nFaktoren wie Schaumstoffdicke etc. hat hierauf keinen Einfluss,<br \/>\ndenn diese werden von uns intern hinzu kalkuliert.<br \/>\n<em>Kurz: <\/em>Das Ma\u00df welches Sie eingeben,\u00a0 k\u00f6nnen Sie auch nutzen.<\/td>\n<td align=\"center\" valign=\"middle\" width=\"230\"><img loading=\"lazy\" decoding=\"async\" src=\"http:\/\/megacase.de\/images\/caseinfo\/meter.jpg\" alt=\"nachmass\" width=\"118\" height=\"116\" \/><\/td>\n<\/tr>\n<tr>\n<td><strong><em>Qualit\u00e4t:<\/em><\/strong><br \/>\nMit diesem Feature wird die Holzst\u00e4rke bestimmt. Hierbei wird zwischen einem 7mm und einem 9mm Birkenfurnier unterschieden.\u00a0 Ein solches Furnier bietet auch Langfristig eine enorm hohe Formstabilit\u00e4t. F\u00fcr kleinere Cases ist das 7mm Holz somit meist ausreichend. Sollte in dem \u00a0Case jedoch ein sehr gro\u00dfer beziehungswei\u00dfe schwerer Gegenstand transportieren, so raten Wir zu der 9mm Variante. Zu dem st\u00e4rkeren Multiplex sollte man auch greifen,\u00a0 wenn das Case des \u00d6fteren via Speditionen versandt wird. (Dies gilt auch f\u00fcr den Flugtransport.)<\/td>\n<td align=\"center\" valign=\"middle\"><img loading=\"lazy\" decoding=\"async\" src=\"http:\/\/megacase.de\/images\/caseinfo\/multiplex-be.png\" alt=\"multiplex\" width=\"136\" height=\"102\" \/><\/td>\n<\/tr>\n<tr>\n<td><strong><em>Schaumstoff:<\/em><\/strong><br \/>\nF\u00fcr jedes Case bieten wir eine vollfl\u00e4chige Schaumstoffpolsterung in verschiedenen St\u00e4rken an. Standard sind hierbei 10mm. Diese Polsterung hilft gegen geringe Ersch\u00fctterungen, dient jedoch in den Meisten F\u00e4llen als Schutz vor Kratzern, sowie zur Fixierung des Ger\u00e4tes im Case.<br \/>\nIst das Case gr\u00f6\u00dferen Ersch\u00fctterungen ausgesetzt, so sollte man zu einer st\u00e4rkeren Polsterung greifen, um diesen Entgegenzuwirken.<\/td>\n<td align=\"center\" valign=\"middle\"><img loading=\"lazy\" decoding=\"async\" src=\"http:\/\/megacase.de\/images\/caseinfo\/schaumstoff-kkc.png\" alt=\"schaumstoff\" width=\"135\" height=\"130\" \/><\/td>\n<\/tr>\n<tr>\n<td><strong><em>Rollen:<\/em><\/strong><br \/>\nDiese Feature wird vor allem bei Gro\u00dfen und Schweren Cases gerne genutzt. F\u00fcr Truhencases sowie auch f\u00fcr Haubencases bieten wir , die in der Branche \u00fcblichen, 100mm Rollen an. Ein Rollensatz besteht pro Flightcase aus 4 Rollen, von welchen 2 eine Feststellbremse besitzen. Alle Rollen sind unter dem Flightcase auf einer Verst\u00e4rkungsplatte angebracht, um eine bessere Gewichtsverteilung zu gew\u00e4hrleisten und die Gesamtstabilit\u00e4t der Bodenplatte zu erh\u00f6hen.<br \/>\nBei Keyboardcases werden sog. Eckanbaurollen montiert, welche es erm\u00f6glichen das Case wie einen Trolley zu ziehen. Ein entsprechender Griff befindet sich auf der gegen\u00fcberliegenden Seite.<\/td>\n<td align=\"center\" valign=\"middle\"><img loading=\"lazy\" decoding=\"async\" src=\"http:\/\/megacase.de\/images\/caseinfo\/bluewheels.png\" alt=\"rollen\" width=\"148\" height=\"106\" \/><\/td>\n<\/tr>\n<tr>\n<td><strong><em><br \/>\nFarbe \/ Beschichtung:<\/em><\/strong><br \/>\nDie Standardfarbe bei Flightcases ist braun. Diese Farbe kommt das Birkenmultiplex durch die Phenolhartzbeschichtung, welche das Holz widerstandsf\u00e4higer und langlebiger macht. Das Farbige Holz hat eine PVC-beschichtete Oberfl\u00e4che. Eine \u00dcbersicht \u00fcber Unsere Farben gibt es hier.<\/td>\n<td align=\"center\" valign=\"middle\"><img loading=\"lazy\" decoding=\"async\" src=\"http:\/\/megacase.de\/images\/caseinfo\/farben.png\" alt=\"farben\" width=\"100\" height=\"100\" \/><\/td>\n<\/tr>\n<tr>\n<td><strong><em>Abschlie\u00dfbar:<\/em><\/strong><br \/>\nDieses Feature erm\u00f6glicht das Abschlie\u00dfen des Cases mit einem Vorh\u00e4ngeschloss. Die jeweiligen Verschl\u00fcsse (Schnappverschluss\/Butterfly) sind mit einer \u00d6se versehen, an welcher das Schloss angebracht werden kann. Somit wird das \u00d6ffnen des Verschlusses verhindert und der Deckel des Cases kann nicht abgenommen werden.<\/td>\n<td align=\"center\" valign=\"middle\"><img loading=\"lazy\" decoding=\"async\" src=\"http:\/\/megacase.de\/images\/caseinfo\/butterfly-oese.png\" alt=\"oese\" width=\"120\" height=\"120\" \/><\/td>\n<\/tr>\n<tr>\n<td><strong><em>Deckel:<\/em><\/strong><br \/>\nHier kann man zwischen Aufstelldeckel und einem abnehmbaren Deckel w\u00e4hlen. Ein abnehmbarer Deckel ist in der Regel komplett mit Butterfly Verschl\u00fcssen, wohingegen ein Aufstelldeckel auf einer Seite mit Scharnieren befestigt ist. Damit ein hochgeklappter Deckel nicht wieder\u00a0 zuf\u00e4llt, sind Unsere Cases mit einem Deckelfeststeller ausgestattet um dies zu verhindern.<\/td>\n<td align=\"center\" valign=\"middle\"><img loading=\"lazy\" decoding=\"async\" src=\"http:\/\/megacase.de\/images\/caseinfo\/deckelauf.png\" alt=\"deckel\" width=\"200\" height=\"150\" \/><\/td>\n<\/tr>\n<tr>\n<td colspan=\"2\">\u00a0<a class=\"button\" href=\"https:\/\/megacase.com\/de\/produkt-kategorie\/konfigurator\/\">Zum Konfigurator<\/a><\/td>\n<\/tr>\n<\/tbody>\n<\/table>\n","protected":false},"excerpt":{"rendered":"<p>Die Ma\u00dfe im Konfigurator: Die Eingabefelder f\u00fcr L\u00e4nge, H\u00f6he, Breite beziehen sich auf das Innenma\u00df. Hier muss also das Ma\u00df<\/p>\n","protected":false},"author":8993,"featured_media":0,"parent":0,"menu_order":0,"comment_status":"closed","ping_status":"closed","template":"","meta":{"_acf_changed":false,"footnotes":""},"class_list":["post-61711","page","type-page","status-publish","hentry"],"acf":[],"_links":{"self":[{"href":"https:\/\/megacase.com\/de\/wp-json\/wp\/v2\/pages\/61711","targetHints":{"allow":["GET"]}}],"collection":[{"href":"https:\/\/megacase.com\/de\/wp-json\/wp\/v2\/pages"}],"about":[{"href":"https:\/\/megacase.com\/de\/wp-json\/wp\/v2\/types\/page"}],"author":[{"embeddable":true,"href":"https:\/\/megacase.com\/de\/wp-json\/wp\/v2\/users\/8993"}],"replies":[{"embeddable":true,"href":"https:\/\/megacase.com\/de\/wp-json\/wp\/v2\/comments?post=61711"}],"version-history":[{"count":4,"href":"https:\/\/megacase.com\/de\/wp-json\/wp\/v2\/pages\/61711\/revisions"}],"predecessor-version":[{"id":73233,"href":"https:\/\/megacase.com\/de\/wp-json\/wp\/v2\/pages\/61711\/revisions\/73233"}],"wp:attachment":[{"href":"https:\/\/megacase.com\/de\/wp-json\/wp\/v2\/media?parent=61711"}],"curies":[{"name":"wp","href":"https:\/\/api.w.org\/{rel}","templated":true}]}}