{"id":50723,"date":"2017-02-27T13:42:09","date_gmt":"2017-02-27T12:42:09","guid":{"rendered":"http:\/\/megacase.dev\/?page_id=50723\/"},"modified":"2022-10-28T12:03:50","modified_gmt":"2022-10-28T10:03:50","slug":"versandkosten","status":"publish","type":"page","link":"https:\/\/megacase.com\/de\/versandkosten\/","title":{"rendered":"Versandkosten und allgemeine Versandinformationen"},"content":{"rendered":"<h2>Versandkosten<\/h2>\n<ul>\n<li>Deutschland \u20ac 15,-<\/li>\n<li>Belgien, D\u00e4nemark, Frankreich, Luxemburg, Niederlande, \u00d6sterreich, Tschechien \u20ac 29,-<\/li>\n<li>Griechenland, Spanien, Italien, Portugal, Ungarn, Slowenien, Slowakei \u20ac 35,-<\/li>\n<li>Rum\u00e4nien, Schweden, Polen, Irland \u20ac 39,-<\/li>\n<li>Litauen\u00a0\u20ac 55,-<\/li>\n<li>Liechtenstein Schweiz \u20ac 109,- (unverzollt, unversteuert, DAP)<\/li>\n<li>Vereinigte K\u00f6nigreich 109,-\u20ac (unverzollt, unversteuert, DAP)<\/li>\n<li>USA, Kanada und andere L\u00e4nder auf Anfrage per <a href=\"https:\/\/megacase.com\/de\/kontakt\/\">Kontaktformular<\/a> oder per Mail an <a href=\"mailto:info@megacase.com\">info@megacase.com<\/a><\/li>\n<\/ul>\n<h2>Versandunternehmen<\/h2>\n<p>Sobald Ihre Bestellung in der Produktion fertiggestellt wurde, geht diese in den Versand \u00fcber. Kleinere, sowie mittelgro\u00dfe Bestellungen werden in der Regel mittels UPS versendet. Bei gr\u00f6\u00dferen Flightcases und\/oder gr\u00f6\u00dferen St\u00fcckzahlen erfolgt der Versand via Spedition (Schenker).<\/p>\n<h2>Versanddauer<\/h2>\n<ul>\n<li>UPS\u00a0Versand innerhalb Deutschlands: 1-2 Werktage<\/li>\n<li>UPS Versand in das umliegende Ausland: 2-4 Werktage<\/li>\n<li>Speditionsversand innerhalb Deutschlands: 2-3 Werktage<\/li>\n<li>Speditionsversand in das umliegende Ausland: 4-5\u00a0Werktage<\/li>\n<\/ul>\n<h2>Speditionsversand<\/h2>\n<p>Wird Ihre Bestellung via Spedition angeliefert, so setzt sich der Anlieferer in der Regel am Tag der Zustellung noch einmal mit Ihnen in Verbindung, um sicher zu gehen, dass die Sendung auch angenommen werden kann. Hierf\u00fcr \u00fcbermitteln wir der Spedition die Telefonnummer, welche Sie bei Ihrer Bestellung angegeben haben. Der Speditionsversand erfolgt bis zur Bordsteinkante.Der Versand in Drittl\u00e4nder erfolgt unverzollt, unversteuert.<\/p>\n<h2>Informationen zur Fertigungsdauer<\/h2>\n<p>Jedes Megacase Flightcase ist eine Ma\u00dfanfertigung, welche erst bei Bestellung individuell nach Ihren Vorgaben gefertigt wird. Da somit jedes einzelne Flightcase zuerst geplant und danach produziert wird, kann die Fertigungsdauer leicht variieren. <strong>Die Lieferzeit hierf\u00fcr bel\u00e4uft sich deshalb im Durchschnitt auf 15 bis 20 Werktage.<\/strong> Bitte beachten Sie, dass die Dauer der Fertigung auch von der aktuellen Auftragslage abh\u00e4ngig ist.<\/p>\n<p>Erstellen Sie jetzt Ihr individuelles Flightcase \u00fcber den <a href=\"https:\/\/megacase.com\/de\/produkt-kategorie\/konfigurator\/\">Konfigurator<\/a> oder fragen Sie Ihr Case \u00fcber das <a href=\"\/?page_id=342\">Anfrageformular<\/a> an.<\/p>\n","protected":false},"excerpt":{"rendered":"<p>Versandkosten Deutschland \u20ac 15,- Belgien, D\u00e4nemark, Frankreich, Luxemburg, Niederlande, \u00d6sterreich, Tschechien \u20ac 29,- Griechenland, Spanien, Italien, Portugal, Ungarn, Slowenien, Slowakei<\/p>\n","protected":false},"author":8993,"featured_media":0,"parent":0,"menu_order":0,"comment_status":"closed","ping_status":"closed","template":"","meta":{"_acf_changed":false,"footnotes":""},"class_list":["post-50723","page","type-page","status-publish","hentry"],"acf":[],"_links":{"self":[{"href":"https:\/\/megacase.com\/de\/wp-json\/wp\/v2\/pages\/50723","targetHints":{"allow":["GET"]}}],"collection":[{"href":"https:\/\/megacase.com\/de\/wp-json\/wp\/v2\/pages"}],"about":[{"href":"https:\/\/megacase.com\/de\/wp-json\/wp\/v2\/types\/page"}],"author":[{"embeddable":true,"href":"https:\/\/megacase.com\/de\/wp-json\/wp\/v2\/users\/8993"}],"replies":[{"embeddable":true,"href":"https:\/\/megacase.com\/de\/wp-json\/wp\/v2\/comments?post=50723"}],"version-history":[{"count":5,"href":"https:\/\/megacase.com\/de\/wp-json\/wp\/v2\/pages\/50723\/revisions"}],"predecessor-version":[{"id":245764,"href":"https:\/\/megacase.com\/de\/wp-json\/wp\/v2\/pages\/50723\/revisions\/245764"}],"wp:attachment":[{"href":"https:\/\/megacase.com\/de\/wp-json\/wp\/v2\/media?parent=50723"}],"curies":[{"name":"wp","href":"https:\/\/api.w.org\/{rel}","templated":true}]}}