{"id":50209,"date":"2016-12-29T11:25:02","date_gmt":"2016-12-29T10:25:02","guid":{"rendered":"http:\/\/megacase.dev\/?page_id=50209\/"},"modified":"2025-08-20T06:58:06","modified_gmt":"2025-08-20T04:58:06","slug":"flightcase-massanfertigung","status":"publish","type":"page","link":"https:\/\/megacase.com\/de\/home\/flightcase-massanfertigung\/","title":{"rendered":"Flightcase Massanfertigung"},"content":{"rendered":"[mc_row]\n[mc_column]\n<p><img loading=\"lazy\" decoding=\"async\" class=\"alignnone wp-image-50805 size-large\" src=\"\/\/cdn.megacase.com\/wp-content\/uploads\/2017\/03\/Case-Grid-1024x512.png\" alt=\"\" width=\"1024\" height=\"512\" srcset=\"https:\/\/cdn.megacase.com\/wp-content\/uploads\/2017\/03\/Case-Grid-1024x512.png 1024w, https:\/\/cdn.megacase.com\/wp-content\/uploads\/2017\/03\/Case-Grid-300x150.png 300w, https:\/\/cdn.megacase.com\/wp-content\/uploads\/2017\/03\/Case-Grid-150x75.png 150w, https:\/\/cdn.megacase.com\/wp-content\/uploads\/2017\/03\/Case-Grid-768x384.png 768w, https:\/\/cdn.megacase.com\/wp-content\/uploads\/2017\/03\/Case-Grid-24x12.png 24w, https:\/\/cdn.megacase.com\/wp-content\/uploads\/2017\/03\/Case-Grid-48x24.png 48w, https:\/\/cdn.megacase.com\/wp-content\/uploads\/2017\/03\/Case-Grid-18x9.png 18w\" sizes=\"auto, (max-width: 1024px) 100vw, 1024px\" \/><\/p>\n[\/mc_column]\n[mc_column first=&#8220;1&#8243;]\n<h3>Handarbeit Made in Germany<\/h3>\n[megacase_text]\nJedes Megacase ist einzigartig und wird genau nach Ihren Vorgaben angefertigt. Die meisten Cases k\u00f6nnen Sie mit Hilfe unserer <a href=\"https:\/\/megacase.com\/de\/produkt-kategorie\/konfigurator\/\">Online-Konfiguratoren<\/a> auf megacase.com konfigurieren.<\/p>\n<p><!--megacase_text-->Bei ausgefalleneren Sonderw\u00fcnschen oder Anpassungen an ganz spezielle Modelle (z.B. Kundenexponate, Bildschirme, Elektroger\u00e4te, Lap-Tops, Keyboards\/Synthesizer) beraten wir Sie gerne individuell und senden Ihnen innerhalb von 24 Stunden ein pers\u00f6nliches Angebot zu. Nutzen Sie hierf\u00fcr einfach unser <a href=\"https:\/\/megacase.com\/de\/kontakt\/\">Anfrageformular<\/a>, wir k\u00fcmmern uns um den Rest.<\/p>\n<p><!--megacase_text-->Zu vielen Modellen haben wir auch bereits die Ma\u00dfe gespeichert und k\u00f6nnen Ihr Case bauen, wenn Sie uns die jeweilige Modellbezeichnung des Ger\u00e4tes nennen. <a href=\"https:\/\/megacase.com\/de\/kontakt\/\">Ma\u00dfanfertigung jetzt anfragen<\/a>[\/megacase_text]\n[\/mc_column]\n[\/mc_row]\n","protected":false},"excerpt":{"rendered":"<p>[mc_row] [mc_column] [\/mc_column] [mc_column first=&#8220;1&#8243;] Handarbeit Made in Germany [megacase_text] Jedes Megacase ist einzigartig und wird genau nach Ihren Vorgaben<\/p>\n","protected":false},"author":8993,"featured_media":0,"parent":8,"menu_order":7,"comment_status":"closed","ping_status":"closed","template":"","meta":{"_acf_changed":false,"footnotes":""},"class_list":["post-50209","page","type-page","status-publish","hentry"],"acf":[],"_links":{"self":[{"href":"https:\/\/megacase.com\/de\/wp-json\/wp\/v2\/pages\/50209","targetHints":{"allow":["GET"]}}],"collection":[{"href":"https:\/\/megacase.com\/de\/wp-json\/wp\/v2\/pages"}],"about":[{"href":"https:\/\/megacase.com\/de\/wp-json\/wp\/v2\/types\/page"}],"author":[{"embeddable":true,"href":"https:\/\/megacase.com\/de\/wp-json\/wp\/v2\/users\/8993"}],"replies":[{"embeddable":true,"href":"https:\/\/megacase.com\/de\/wp-json\/wp\/v2\/comments?post=50209"}],"version-history":[{"count":5,"href":"https:\/\/megacase.com\/de\/wp-json\/wp\/v2\/pages\/50209\/revisions"}],"predecessor-version":[{"id":104911,"href":"https:\/\/megacase.com\/de\/wp-json\/wp\/v2\/pages\/50209\/revisions\/104911"}],"up":[{"embeddable":true,"href":"https:\/\/megacase.com\/de\/wp-json\/wp\/v2\/pages\/8"}],"wp:attachment":[{"href":"https:\/\/megacase.com\/de\/wp-json\/wp\/v2\/media?parent=50209"}],"curies":[{"name":"wp","href":"https:\/\/api.w.org\/{rel}","templated":true}]}}