{"id":50207,"date":"2016-12-29T11:24:10","date_gmt":"2016-12-29T10:24:10","guid":{"rendered":"http:\/\/megacase.dev\/?page_id=50207\/"},"modified":"2025-08-20T06:57:52","modified_gmt":"2025-08-20T04:57:52","slug":"bauarten-features","status":"publish","type":"page","link":"https:\/\/megacase.com\/de\/home\/bauarten-features\/","title":{"rendered":"Megacase &#8211; Ihr Equipment verdient\u2019s"},"content":{"rendered":"[mc_row]\n[mc_column]\n[megacase_text]Megacase <a href=\"https:\/\/megacase.com\/de\/produkt-kategorie\/konfigurator\/\">Flightcases<\/a> sind ausgestattet mit <strong>Butterflyverschl\u00fcssen oder Schnappverschl\u00fcssen<\/strong>, beide auf Wunsch <strong>abschlie\u00dfbar<\/strong>, sowie eingelassenen Klappgriffen mit Feder f\u00fcr einfaches Handling. Sie stammen aus der Produktion unseres Lieferanten <a href=\"\/de\/?s=Adam+Hall&amp;post_type=product\" target=\"_blank\" rel=\"noopener noreferrer\"><strong>Adam Hall<\/strong><\/a>.<\/p>\n<p><!--megacase_text-->Umlaufende Aluminiumprofile und an den Ecken angebrachte Kugelecken sorgen von allen Seiten f\u00fcr hohe Sto\u00dffestigkeit und eine optimale Gebrauchst\u00fcchtigkeit auf allen Transportwegen. Optionale <strong>Industrierollen<\/strong>, die unterhalb des Cases mit einer Verst\u00e4rkungsplatte angebracht sind, erleichtern den Transport des Cases erheblich. Alle 4 Rollen sind beweglich, 2 davon sind zus\u00e4tzlich mit einer <strong>Bremse<\/strong> ausgestattet. Sie bieten selbst auf glatten, schr\u00e4gen Fl\u00e4chen optimalen Halt.<\/p>\n<p><!--megacase_text-->Vollfl\u00e4chige <strong>Schaumstoff-Polsterungen<\/strong> sorgen im Inneren des Cases f\u00fcr sicheren Schutz gegen Ersch\u00fctterungen und Kratzer. Sie werden in den St\u00e4rken 10mm bis 40mm angeboten, wahlweise auch ohne Polsterung.<\/p>\n<p><!--megacase_text-->Alle unsere Flightcases werden aus formstabilem und extrem robustem Birkenmultiplex gefertigt, w\u00e4hlbar in den Materialst\u00e4rken 7mm oder 9mm. Die dunkle Phenolharzbeschichtung dieses Holzes bietet Schutz vor negativen, \u00e4u\u00dferen Einfl\u00fcssen wie Kratzern und Feuchtigkeit. F\u00fcr Abwechslung sorgen weitere Farben, erh\u00e4ltlich in einer kratzfesten PVC-Beschichtung. S\u00e4mtliche Innenma\u00dfe wie L\u00e4nge, H\u00f6he und Tiefe sind im <a href=\"https:\/\/megacase.com\/de\/produkt-kategorie\/konfigurator\/\">Konfigurator<\/a> frei w\u00e4hlbar.<\/p>\n<p>Mit unserer 5 j\u00e4hrigen Garantieleistung\u00a0stehen wir f\u00fcr unsere ultra-stabilen und besonders langlebigen Cases. \u00dcberzeugen Sie sich selbst![\/megacase_text]\n[\/mc_column]\n[mc_column first=&#8220;1&#8243;]\n<div id='gallery-1' class='gallery galleryid-50207 gallery-columns-3 gallery-size-medium'><figure class='gallery-item'>\n\t\t\t<div class='gallery-icon landscape'>\n\t\t\t\t<a href='https:\/\/cdn.megacase.com\/wp-content\/uploads\/2016\/12\/3044_2.jpg'><img loading=\"lazy\" decoding=\"async\" width=\"300\" height=\"200\" src=\"https:\/\/cdn.megacase.com\/wp-content\/uploads\/2016\/12\/3044_2-300x200.jpg\" class=\"attachment-medium size-medium\" alt=\"\" srcset=\"https:\/\/cdn.megacase.com\/wp-content\/uploads\/2016\/12\/3044_2-300x200.jpg 300w, https:\/\/cdn.megacase.com\/wp-content\/uploads\/2016\/12\/3044_2-150x100.jpg 150w, https:\/\/cdn.megacase.com\/wp-content\/uploads\/2016\/12\/3044_2-768x512.jpg 768w, https:\/\/cdn.megacase.com\/wp-content\/uploads\/2016\/12\/3044_2-1024x683.jpg 1024w, https:\/\/cdn.megacase.com\/wp-content\/uploads\/2016\/12\/3044_2-24x16.jpg 24w, https:\/\/cdn.megacase.com\/wp-content\/uploads\/2016\/12\/3044_2-48x32.jpg 48w, https:\/\/cdn.megacase.com\/wp-content\/uploads\/2016\/12\/3044_2-18x12.jpg 18w\" sizes=\"auto, (max-width: 300px) 100vw, 300px\" \/><\/a>\n\t\t\t<\/div><\/figure><figure class='gallery-item'>\n\t\t\t<div class='gallery-icon landscape'>\n\t\t\t\t<a href='https:\/\/cdn.megacase.com\/wp-content\/uploads\/2016\/12\/4105_MG_8473dev.jpg'><img loading=\"lazy\" decoding=\"async\" width=\"300\" height=\"200\" src=\"https:\/\/cdn.megacase.com\/wp-content\/uploads\/2016\/12\/4105_MG_8473dev-300x200.jpg\" class=\"attachment-medium size-medium\" alt=\"\" srcset=\"https:\/\/cdn.megacase.com\/wp-content\/uploads\/2016\/12\/4105_MG_8473dev-300x200.jpg 300w, https:\/\/cdn.megacase.com\/wp-content\/uploads\/2016\/12\/4105_MG_8473dev-150x100.jpg 150w, https:\/\/cdn.megacase.com\/wp-content\/uploads\/2016\/12\/4105_MG_8473dev-768x512.jpg 768w, https:\/\/cdn.megacase.com\/wp-content\/uploads\/2016\/12\/4105_MG_8473dev-24x16.jpg 24w, https:\/\/cdn.megacase.com\/wp-content\/uploads\/2016\/12\/4105_MG_8473dev-48x32.jpg 48w, https:\/\/cdn.megacase.com\/wp-content\/uploads\/2016\/12\/4105_MG_8473dev-18x12.jpg 18w, https:\/\/cdn.megacase.com\/wp-content\/uploads\/2016\/12\/4105_MG_8473dev.jpg 800w\" sizes=\"auto, (max-width: 300px) 100vw, 300px\" \/><\/a>\n\t\t\t<\/div><\/figure><figure class='gallery-item'>\n\t\t\t<div class='gallery-icon landscape'>\n\t\t\t\t<a href='https:\/\/cdn.megacase.com\/wp-content\/uploads\/2016\/12\/37500s_MG_8481dev.jpg'><img loading=\"lazy\" decoding=\"async\" width=\"300\" height=\"200\" src=\"https:\/\/cdn.megacase.com\/wp-content\/uploads\/2016\/12\/37500s_MG_8481dev-300x200.jpg\" class=\"attachment-medium size-medium\" alt=\"\" srcset=\"https:\/\/cdn.megacase.com\/wp-content\/uploads\/2016\/12\/37500s_MG_8481dev-300x200.jpg 300w, https:\/\/cdn.megacase.com\/wp-content\/uploads\/2016\/12\/37500s_MG_8481dev-150x100.jpg 150w, https:\/\/cdn.megacase.com\/wp-content\/uploads\/2016\/12\/37500s_MG_8481dev-24x16.jpg 24w, https:\/\/cdn.megacase.com\/wp-content\/uploads\/2016\/12\/37500s_MG_8481dev-48x32.jpg 48w, https:\/\/cdn.megacase.com\/wp-content\/uploads\/2016\/12\/37500s_MG_8481dev-18x12.jpg 18w, https:\/\/cdn.megacase.com\/wp-content\/uploads\/2016\/12\/37500s_MG_8481dev.jpg 664w\" sizes=\"auto, (max-width: 300px) 100vw, 300px\" \/><\/a>\n\t\t\t<\/div><\/figure><figure class='gallery-item'>\n\t\t\t<div class='gallery-icon landscape'>\n\t\t\t\t<a href='https:\/\/cdn.megacase.com\/wp-content\/uploads\/2016\/12\/41141_MG_8460dev.jpg'><img loading=\"lazy\" decoding=\"async\" width=\"300\" height=\"200\" src=\"https:\/\/cdn.megacase.com\/wp-content\/uploads\/2016\/12\/41141_MG_8460dev-300x200.jpg\" class=\"attachment-medium size-medium\" alt=\"\" srcset=\"https:\/\/cdn.megacase.com\/wp-content\/uploads\/2016\/12\/41141_MG_8460dev-300x200.jpg 300w, https:\/\/cdn.megacase.com\/wp-content\/uploads\/2016\/12\/41141_MG_8460dev-150x100.jpg 150w, https:\/\/cdn.megacase.com\/wp-content\/uploads\/2016\/12\/41141_MG_8460dev-24x16.jpg 24w, https:\/\/cdn.megacase.com\/wp-content\/uploads\/2016\/12\/41141_MG_8460dev-48x32.jpg 48w, https:\/\/cdn.megacase.com\/wp-content\/uploads\/2016\/12\/41141_MG_8460dev-18x12.jpg 18w, https:\/\/cdn.megacase.com\/wp-content\/uploads\/2016\/12\/41141_MG_8460dev.jpg 678w\" sizes=\"auto, (max-width: 300px) 100vw, 300px\" \/><\/a>\n\t\t\t<\/div><\/figure><figure class='gallery-item'>\n\t\t\t<div class='gallery-icon landscape'>\n\t\t\t\t<a href='https:\/\/cdn.megacase.com\/wp-content\/uploads\/2016\/12\/claplock_02.jpg'><img loading=\"lazy\" decoding=\"async\" width=\"300\" height=\"200\" src=\"https:\/\/cdn.megacase.com\/wp-content\/uploads\/2016\/12\/claplock_02-300x200.jpg\" class=\"attachment-medium size-medium\" alt=\"\" srcset=\"https:\/\/cdn.megacase.com\/wp-content\/uploads\/2016\/12\/claplock_02-300x200.jpg 300w, https:\/\/cdn.megacase.com\/wp-content\/uploads\/2016\/12\/claplock_02-150x100.jpg 150w, https:\/\/cdn.megacase.com\/wp-content\/uploads\/2016\/12\/claplock_02-768x512.jpg 768w, https:\/\/cdn.megacase.com\/wp-content\/uploads\/2016\/12\/claplock_02-1024x683.jpg 1024w, https:\/\/cdn.megacase.com\/wp-content\/uploads\/2016\/12\/claplock_02-24x16.jpg 24w, https:\/\/cdn.megacase.com\/wp-content\/uploads\/2016\/12\/claplock_02-48x32.jpg 48w, https:\/\/cdn.megacase.com\/wp-content\/uploads\/2016\/12\/claplock_02-18x12.jpg 18w\" sizes=\"auto, (max-width: 300px) 100vw, 300px\" \/><\/a>\n\t\t\t<\/div><\/figure><figure class='gallery-item'>\n\t\t\t<div class='gallery-icon landscape'>\n\t\t\t\t<a href='https:\/\/cdn.megacase.com\/wp-content\/uploads\/2016\/12\/Rolle_gebremst_frei.jpg'><img loading=\"lazy\" decoding=\"async\" width=\"300\" height=\"200\" src=\"https:\/\/cdn.megacase.com\/wp-content\/uploads\/2016\/12\/Rolle_gebremst_frei-300x200.jpg\" class=\"attachment-medium size-medium\" alt=\"\" srcset=\"https:\/\/cdn.megacase.com\/wp-content\/uploads\/2016\/12\/Rolle_gebremst_frei-300x200.jpg 300w, https:\/\/cdn.megacase.com\/wp-content\/uploads\/2016\/12\/Rolle_gebremst_frei-150x100.jpg 150w, https:\/\/cdn.megacase.com\/wp-content\/uploads\/2016\/12\/Rolle_gebremst_frei-768x512.jpg 768w, https:\/\/cdn.megacase.com\/wp-content\/uploads\/2016\/12\/Rolle_gebremst_frei-1024x683.jpg 1024w, https:\/\/cdn.megacase.com\/wp-content\/uploads\/2016\/12\/Rolle_gebremst_frei-24x16.jpg 24w, https:\/\/cdn.megacase.com\/wp-content\/uploads\/2016\/12\/Rolle_gebremst_frei-48x32.jpg 48w, https:\/\/cdn.megacase.com\/wp-content\/uploads\/2016\/12\/Rolle_gebremst_frei-18x12.jpg 18w\" sizes=\"auto, (max-width: 300px) 100vw, 300px\" \/><\/a>\n\t\t\t<\/div><\/figure><figure class='gallery-item'>\n\t\t\t<div class='gallery-icon landscape'>\n\t\t\t\t<a href='https:\/\/cdn.megacase.com\/wp-content\/uploads\/2016\/12\/4773-007.jpg'><img loading=\"lazy\" decoding=\"async\" width=\"300\" height=\"200\" src=\"https:\/\/cdn.megacase.com\/wp-content\/uploads\/2016\/12\/4773-007-300x200.jpg\" class=\"attachment-medium size-medium\" alt=\"\" srcset=\"https:\/\/cdn.megacase.com\/wp-content\/uploads\/2016\/12\/4773-007-300x200.jpg 300w, https:\/\/cdn.megacase.com\/wp-content\/uploads\/2016\/12\/4773-007-150x100.jpg 150w, https:\/\/cdn.megacase.com\/wp-content\/uploads\/2016\/12\/4773-007-768x512.jpg 768w, https:\/\/cdn.megacase.com\/wp-content\/uploads\/2016\/12\/4773-007-1024x683.jpg 1024w, https:\/\/cdn.megacase.com\/wp-content\/uploads\/2016\/12\/4773-007-24x16.jpg 24w, https:\/\/cdn.megacase.com\/wp-content\/uploads\/2016\/12\/4773-007-48x32.jpg 48w, https:\/\/cdn.megacase.com\/wp-content\/uploads\/2016\/12\/4773-007-18x12.jpg 18w\" sizes=\"auto, (max-width: 300px) 100vw, 300px\" \/><\/a>\n\t\t\t<\/div><\/figure><figure class='gallery-item'>\n\t\t\t<div class='gallery-icon landscape'>\n\t\t\t\t<a href='https:\/\/cdn.megacase.com\/wp-content\/uploads\/2016\/12\/4540-entluefterschale-vertikal-02.jpg'><img loading=\"lazy\" decoding=\"async\" width=\"300\" height=\"200\" src=\"https:\/\/cdn.megacase.com\/wp-content\/uploads\/2016\/12\/4540-entluefterschale-vertikal-02-300x200.jpg\" class=\"attachment-medium size-medium\" alt=\"\" srcset=\"https:\/\/cdn.megacase.com\/wp-content\/uploads\/2016\/12\/4540-entluefterschale-vertikal-02-300x200.jpg 300w, https:\/\/cdn.megacase.com\/wp-content\/uploads\/2016\/12\/4540-entluefterschale-vertikal-02-150x100.jpg 150w, https:\/\/cdn.megacase.com\/wp-content\/uploads\/2016\/12\/4540-entluefterschale-vertikal-02-768x512.jpg 768w, https:\/\/cdn.megacase.com\/wp-content\/uploads\/2016\/12\/4540-entluefterschale-vertikal-02-1024x683.jpg 1024w, https:\/\/cdn.megacase.com\/wp-content\/uploads\/2016\/12\/4540-entluefterschale-vertikal-02-24x16.jpg 24w, https:\/\/cdn.megacase.com\/wp-content\/uploads\/2016\/12\/4540-entluefterschale-vertikal-02-48x32.jpg 48w, https:\/\/cdn.megacase.com\/wp-content\/uploads\/2016\/12\/4540-entluefterschale-vertikal-02-18x12.jpg 18w\" sizes=\"auto, (max-width: 300px) 100vw, 300px\" \/><\/a>\n\t\t\t<\/div><\/figure><figure class='gallery-item'>\n\t\t\t<div class='gallery-icon landscape'>\n\t\t\t\t<a href='https:\/\/cdn.megacase.com\/wp-content\/uploads\/2016\/12\/27096_MG_8290dev.jpg'><img loading=\"lazy\" decoding=\"async\" width=\"300\" height=\"200\" src=\"https:\/\/cdn.megacase.com\/wp-content\/uploads\/2016\/12\/27096_MG_8290dev-300x200.jpg\" class=\"attachment-medium size-medium\" alt=\"\" srcset=\"https:\/\/cdn.megacase.com\/wp-content\/uploads\/2016\/12\/27096_MG_8290dev-300x200.jpg 300w, https:\/\/cdn.megacase.com\/wp-content\/uploads\/2016\/12\/27096_MG_8290dev-150x100.jpg 150w, https:\/\/cdn.megacase.com\/wp-content\/uploads\/2016\/12\/27096_MG_8290dev-24x16.jpg 24w, https:\/\/cdn.megacase.com\/wp-content\/uploads\/2016\/12\/27096_MG_8290dev-48x32.jpg 48w, https:\/\/cdn.megacase.com\/wp-content\/uploads\/2016\/12\/27096_MG_8290dev-18x12.jpg 18w, https:\/\/cdn.megacase.com\/wp-content\/uploads\/2016\/12\/27096_MG_8290dev.jpg 650w\" sizes=\"auto, (max-width: 300px) 100vw, 300px\" \/><\/a>\n\t\t\t<\/div><\/figure><figure class='gallery-item'>\n\t\t\t<div class='gallery-icon landscape'>\n\t\t\t\t<a href='https:\/\/cdn.megacase.com\/wp-content\/uploads\/2016\/12\/sw_39.jpg'><img loading=\"lazy\" decoding=\"async\" width=\"300\" height=\"200\" src=\"https:\/\/cdn.megacase.com\/wp-content\/uploads\/2016\/12\/sw_39-300x200.jpg\" class=\"attachment-medium size-medium\" alt=\"\" srcset=\"https:\/\/cdn.megacase.com\/wp-content\/uploads\/2016\/12\/sw_39-300x200.jpg 300w, https:\/\/cdn.megacase.com\/wp-content\/uploads\/2016\/12\/sw_39-150x100.jpg 150w, https:\/\/cdn.megacase.com\/wp-content\/uploads\/2016\/12\/sw_39-24x16.jpg 24w, https:\/\/cdn.megacase.com\/wp-content\/uploads\/2016\/12\/sw_39-48x32.jpg 48w, https:\/\/cdn.megacase.com\/wp-content\/uploads\/2016\/12\/sw_39-18x12.jpg 18w, https:\/\/cdn.megacase.com\/wp-content\/uploads\/2016\/12\/sw_39.jpg 566w\" sizes=\"auto, (max-width: 300px) 100vw, 300px\" \/><\/a>\n\t\t\t<\/div><\/figure><figure class='gallery-item'>\n\t\t\t<div class='gallery-icon landscape'>\n\t\t\t\t<a href='https:\/\/cdn.megacase.com\/wp-content\/uploads\/2016\/12\/34085__MG_8882_1.jpg'><img loading=\"lazy\" decoding=\"async\" width=\"300\" height=\"200\" src=\"https:\/\/cdn.megacase.com\/wp-content\/uploads\/2016\/12\/34085__MG_8882_1-300x200.jpg\" class=\"attachment-medium size-medium\" alt=\"\" srcset=\"https:\/\/cdn.megacase.com\/wp-content\/uploads\/2016\/12\/34085__MG_8882_1-300x200.jpg 300w, https:\/\/cdn.megacase.com\/wp-content\/uploads\/2016\/12\/34085__MG_8882_1-150x100.jpg 150w, https:\/\/cdn.megacase.com\/wp-content\/uploads\/2016\/12\/34085__MG_8882_1-24x16.jpg 24w, https:\/\/cdn.megacase.com\/wp-content\/uploads\/2016\/12\/34085__MG_8882_1-48x32.jpg 48w, https:\/\/cdn.megacase.com\/wp-content\/uploads\/2016\/12\/34085__MG_8882_1-18x12.jpg 18w, https:\/\/cdn.megacase.com\/wp-content\/uploads\/2016\/12\/34085__MG_8882_1.jpg 726w\" sizes=\"auto, (max-width: 300px) 100vw, 300px\" \/><\/a>\n\t\t\t<\/div><\/figure><figure class='gallery-item'>\n\t\t\t<div class='gallery-icon landscape'>\n\t\t\t\t<a href='https:\/\/cdn.megacase.com\/wp-content\/uploads\/2016\/12\/172571_MG_8283dev.jpg'><img loading=\"lazy\" decoding=\"async\" width=\"300\" height=\"199\" src=\"https:\/\/cdn.megacase.com\/wp-content\/uploads\/2016\/12\/172571_MG_8283dev-300x199.jpg\" class=\"attachment-medium size-medium\" alt=\"\" srcset=\"https:\/\/cdn.megacase.com\/wp-content\/uploads\/2016\/12\/172571_MG_8283dev-300x199.jpg 300w, https:\/\/cdn.megacase.com\/wp-content\/uploads\/2016\/12\/172571_MG_8283dev-150x100.jpg 150w, https:\/\/cdn.megacase.com\/wp-content\/uploads\/2016\/12\/172571_MG_8283dev-24x16.jpg 24w, https:\/\/cdn.megacase.com\/wp-content\/uploads\/2016\/12\/172571_MG_8283dev-48x32.jpg 48w, https:\/\/cdn.megacase.com\/wp-content\/uploads\/2016\/12\/172571_MG_8283dev-18x12.jpg 18w, https:\/\/cdn.megacase.com\/wp-content\/uploads\/2016\/12\/172571_MG_8283dev.jpg 670w\" sizes=\"auto, (max-width: 300px) 100vw, 300px\" \/><\/a>\n\t\t\t<\/div><\/figure>\n\t\t<\/div>\n\n[\/mc_column]\n[\/mc_row]\n","protected":false},"excerpt":{"rendered":"<p>[mc_row] [mc_column] [megacase_text]Megacase Flightcases sind ausgestattet mit Butterflyverschl\u00fcssen oder Schnappverschl\u00fcssen, beide auf Wunsch abschlie\u00dfbar, sowie eingelassenen Klappgriffen mit Feder f\u00fcr<\/p>\n","protected":false},"author":8993,"featured_media":0,"parent":8,"menu_order":5,"comment_status":"closed","ping_status":"closed","template":"","meta":{"_acf_changed":false,"footnotes":""},"class_list":["post-50207","page","type-page","status-publish","hentry"],"acf":[],"_links":{"self":[{"href":"https:\/\/megacase.com\/de\/wp-json\/wp\/v2\/pages\/50207","targetHints":{"allow":["GET"]}}],"collection":[{"href":"https:\/\/megacase.com\/de\/wp-json\/wp\/v2\/pages"}],"about":[{"href":"https:\/\/megacase.com\/de\/wp-json\/wp\/v2\/types\/page"}],"author":[{"embeddable":true,"href":"https:\/\/megacase.com\/de\/wp-json\/wp\/v2\/users\/8993"}],"replies":[{"embeddable":true,"href":"https:\/\/megacase.com\/de\/wp-json\/wp\/v2\/comments?post=50207"}],"version-history":[{"count":5,"href":"https:\/\/megacase.com\/de\/wp-json\/wp\/v2\/pages\/50207\/revisions"}],"predecessor-version":[{"id":104910,"href":"https:\/\/megacase.com\/de\/wp-json\/wp\/v2\/pages\/50207\/revisions\/104910"}],"up":[{"embeddable":true,"href":"https:\/\/megacase.com\/de\/wp-json\/wp\/v2\/pages\/8"}],"wp:attachment":[{"href":"https:\/\/megacase.com\/de\/wp-json\/wp\/v2\/media?parent=50207"}],"curies":[{"name":"wp","href":"https:\/\/api.w.org\/{rel}","templated":true}]}}