{"id":50205,"date":"2016-12-29T11:23:03","date_gmt":"2016-12-29T10:23:03","guid":{"rendered":"http:\/\/megacase.dev\/?page_id=50205\/"},"modified":"2025-08-20T06:57:44","modified_gmt":"2025-08-20T04:57:44","slug":"lieferung-direkt-ab-werk","status":"publish","type":"page","link":"https:\/\/megacase.com\/de\/home\/lieferung-direkt-ab-werk\/","title":{"rendered":"Lieferung direkt ab Werk"},"content":{"rendered":"[mc_row]\n[mc_column]\n<p><a href=\"\/\/cdn.megacase.com\/wp-content\/uploads\/2016\/12\/lt-cases-2016-klein-1.png\"><img loading=\"lazy\" decoding=\"async\" class=\"alignright wp-image-50999 size-full\" src=\"\/\/cdn.megacase.com\/wp-content\/uploads\/2016\/12\/lt-cases-2016-klein-1.png\" alt=\"\" width=\"900\" height=\"506\" srcset=\"https:\/\/cdn.megacase.com\/wp-content\/uploads\/2016\/12\/lt-cases-2016-klein-1.png 900w, https:\/\/cdn.megacase.com\/wp-content\/uploads\/2016\/12\/lt-cases-2016-klein-1-300x169.png 300w, https:\/\/cdn.megacase.com\/wp-content\/uploads\/2016\/12\/lt-cases-2016-klein-1-150x84.png 150w, https:\/\/cdn.megacase.com\/wp-content\/uploads\/2016\/12\/lt-cases-2016-klein-1-768x432.png 768w, https:\/\/cdn.megacase.com\/wp-content\/uploads\/2016\/12\/lt-cases-2016-klein-1-24x13.png 24w, https:\/\/cdn.megacase.com\/wp-content\/uploads\/2016\/12\/lt-cases-2016-klein-1-48x27.png 48w, https:\/\/cdn.megacase.com\/wp-content\/uploads\/2016\/12\/lt-cases-2016-klein-1-18x10.png 18w\" sizes=\"auto, (max-width: 900px) 100vw, 900px\" \/><\/a><\/p>\n[\/mc_column]\n[mc_column]\n[megacase_text]Lieferungen der Koffer erfolgen europaweit direkt ab Fabrik. Ohne Zwischenh\u00e4ndler. Damit k\u00f6nnen wir nicht nur <a href=\"https:\/\/megacase.com\/de\/produkt-kategorie\/konfigurator\/\">Flightcases<\/a> zu top Preisen anbieten, sondern liefern auch direkt ohne Umwege. Alle Flightcases werden ausschlie\u00dflich in Deutschland produziert und entsprechen h\u00f6chsten industriellen Qualit\u00e4tsstandards.<br \/>\n<!--megacase_text--><!--megacase_text--><\/p>\n<ul>\n<li>Schnelle, internationale Lieferung direkt ab Werk<\/li>\n<li>G\u00fcnstige <a href=\"https:\/\/megacase.com\/de\/versandkosten\/\" target=\"_blank\" rel=\"noopener noreferrer\">Versandkosten<\/a> ab 17,85 \u20ac<\/li>\n<li>Passgenau, handgefertigt, 100% Made in Germany<\/li>\n<li>7mm oder 9mm Birkenmultiplex<\/li>\n<li>Wasserabweisende Phenolharz-Beschichtung<\/li>\n<li>Hochwertige Adam Hall Verschl\u00fcsse &amp; Griffe<\/li>\n<li>H\u00f6chste Stabilit\u00e4t &amp; Versandtauglichkeit<\/li>\n<\/ul>\n[\/megacase_text]\n[\/mc_column]\n[\/mc_row]\n","protected":false},"excerpt":{"rendered":"<p>[mc_row] [mc_column] [\/mc_column] [mc_column] [megacase_text]Lieferungen der Koffer erfolgen europaweit direkt ab Fabrik. Ohne Zwischenh\u00e4ndler. Damit k\u00f6nnen wir nicht nur Flightcases<\/p>\n","protected":false},"author":8993,"featured_media":0,"parent":8,"menu_order":4,"comment_status":"closed","ping_status":"closed","template":"","meta":{"_acf_changed":false,"footnotes":""},"class_list":["post-50205","page","type-page","status-publish","hentry"],"acf":[],"_links":{"self":[{"href":"https:\/\/megacase.com\/de\/wp-json\/wp\/v2\/pages\/50205","targetHints":{"allow":["GET"]}}],"collection":[{"href":"https:\/\/megacase.com\/de\/wp-json\/wp\/v2\/pages"}],"about":[{"href":"https:\/\/megacase.com\/de\/wp-json\/wp\/v2\/types\/page"}],"author":[{"embeddable":true,"href":"https:\/\/megacase.com\/de\/wp-json\/wp\/v2\/users\/8993"}],"replies":[{"embeddable":true,"href":"https:\/\/megacase.com\/de\/wp-json\/wp\/v2\/comments?post=50205"}],"version-history":[{"count":4,"href":"https:\/\/megacase.com\/de\/wp-json\/wp\/v2\/pages\/50205\/revisions"}],"predecessor-version":[{"id":104908,"href":"https:\/\/megacase.com\/de\/wp-json\/wp\/v2\/pages\/50205\/revisions\/104908"}],"up":[{"embeddable":true,"href":"https:\/\/megacase.com\/de\/wp-json\/wp\/v2\/pages\/8"}],"wp:attachment":[{"href":"https:\/\/megacase.com\/de\/wp-json\/wp\/v2\/media?parent=50205"}],"curies":[{"name":"wp","href":"https:\/\/api.w.org\/{rel}","templated":true}]}}