{"id":50203,"date":"2016-12-29T11:20:26","date_gmt":"2016-12-29T10:20:26","guid":{"rendered":"http:\/\/megacase.dev\/?page_id=50203\/"},"modified":"2025-08-20T06:57:37","modified_gmt":"2025-08-20T04:57:37","slug":"kunden-testberichte","status":"publish","type":"page","link":"https:\/\/megacase.com\/de\/home\/kunden-testberichte\/","title":{"rendered":"Kundenmeinungen und Testberichte"},"content":{"rendered":"[mc_row]\n[mc_column]\n<div class=\"widget widget_woothemes_testimonials\">\n<div class=\"testimonials component effect-fade\">\n<div class=\"testimonials-list\">\n<div id=\"quote-50668\" class=\"quote first no-image\">\n<blockquote class=\"testimonials-text\"><p>Sehr geehrter Herr Treike,<br \/>\ndas Case ist angekommen und ich wei\u00df nicht genau, was ich dazu sagen soll. Ich versuche es so zu formulieren: Das Ding ist eine Wucht, supergute be- und verarbeitet und das Teil ist sowas von \u201egeil\u201c und ich habe eine Riesenfreude dran und, und, und\u2026<br \/>\nHerzlichen Dank, Ihre Arbeit ist au\u00dferordentlich!<br \/>\nBeste Gr\u00fcsse aus Z\u00fcrich<\/p><\/blockquote>\n<p><cite class=\"author\">Oliver W.<\/cite><!--\/.author--><\/p>\n<\/div>\n<div id=\"quote-50669\" class=\"quote last no-image\">\n<blockquote class=\"testimonials-text\"><p>Hallo Herr Treike,<br \/>\nbesten Dank \u2013 wir haben das Case heute schnell selbst abgeholt: Perfekte Verarbeitung und exzellentes Konzept zur Aufnahme f\u00fcr zwei Displays!<br \/>\nHerzlichen Dank f\u00fcr die prompte Abwicklung,<br \/>\nfreundliche Gr\u00fc\u00dfe<\/p><\/blockquote>\n<p><cite class=\"author\">Christoph M.<\/cite><!--\/.author--><\/p>\n<\/div>\n<\/div>\n<div class=\"fix\"><\/div>\n<\/div>\n<\/div>\n[\/mc_column]\n[mc_column first=&#8220;1&#8243;]\n<p><strong>**Musotalk testet den Megacase Flightcase Konfigurator**<\/strong><\/p>\n[mc_video]\n<p><iframe loading=\"lazy\" title=\"Musotalk testet den Megacase Flightcase konfigurator HD\" src=\"https:\/\/player.vimeo.com\/video\/39731213?h=a4a52e411d&amp;dnt=1&amp;app_id=122963&amp;autoplay=0&amp;badge=0&amp;byline=0&amp;portrait=0&amp;title=0&amp;loop=0&amp;color=FF6D00&amp;width=100%&amp;height=100%\" width=\"500\" height=\"281\" frameborder=\"0\" allow=\"autoplay; fullscreen; picture-in-picture\" allowfullscreen><\/iframe><\/p>\n[\/mc_video]\n[mc_hidemobile]\n<p><a href=\"https:\/\/www.shopauskunft.de\/review\/megacase.com\" target=\"_blank\" rel=\"noopener\"><img loading=\"lazy\" decoding=\"async\" class=\"alignleft\" title=\"megacase.com bei ShopAuskunft.de\" src=\"https:\/\/www.shopauskunft.de\/files\/jsp\/images\/gelistet\/gelistet_03.png\" alt=\"Shopauskunft.de\" width=\"122\" height=\"92\" border=\"0\" \/><\/a><strong>Shopauskunft.de<\/strong><\/p>\n<p>\u00dcber <strong>98% zufriedene Kunden bei mehr als\u00a01000 Bewertungen<\/strong> auf <a href=\"https:\/\/www.shopauskunft.de\/review\/megacase.com\" target=\"_blank\" rel=\"noopener\">Shopauskunft.de<\/a><\/p>\n<p>&nbsp;<\/p>\n[\/mc_hidemobile]\n[\/mc_column]\n[\/mc_row]\n<strong>Google Kundenrezensionen<\/strong><\/p>\n<pre><div class=\"wp-gr rpi wpac\" data-id=\"247401\" data-layout=\"slider\" data-exec=\"false\" data-options='{&quot;text_size&quot;:&quot;&quot;,&quot;trans&quot;:{&quot;read more&quot;:&quot;weiterlesen&quot;}}'><svg xmlns=\"http:\/\/www.w3.org\/2000\/svg\" style=\"display:none!important\"><symbol id=\"grw-tripadvisor\" viewBox=\"0 0 713.496 713.496\"><g><circle fill=\"#34E0A1\" cx=\"356.749\" cy=\"356.748\" r=\"356.748\"\/><path d=\"M577.095,287.152l43.049-46.836h-95.465c-47.792-32.646-105.51-51.659-167.931-51.659   c-62.342,0-119.899,19.054-167.612,51.659H93.432l43.049,46.836c-26.387,24.075-42.929,58.754-42.929,97.259   c0,72.665,58.914,131.578,131.579,131.578c34.519,0,65.968-13.313,89.446-35.077l42.172,45.919l42.172-45.879   c23.478,21.764,54.887,35.037,89.406,35.037c72.665,0,131.658-58.913,131.658-131.578   C620.024,345.866,603.483,311.188,577.095,287.152z M225.17,473.458c-49.188,0-89.047-39.859-89.047-89.047   s39.86-89.048,89.047-89.048c49.187,0,89.047,39.86,89.047,89.048S274.357,473.458,225.17,473.458z M356.788,381.82   c0-58.595-42.61-108.898-98.853-130.383c30.413-12.716,63.776-19.771,98.813-19.771s68.439,7.055,98.853,19.771   C399.399,272.962,356.788,323.226,356.788,381.82z M488.367,473.458c-49.188,0-89.048-39.859-89.048-89.047   s39.86-89.048,89.048-89.048s89.047,39.86,89.047,89.048S537.554,473.458,488.367,473.458z M488.367,337.694   c-25.79,0-46.677,20.887-46.677,46.677c0,25.789,20.887,46.676,46.677,46.676c25.789,0,46.676-20.887,46.676-46.676   C535.042,358.621,514.156,337.694,488.367,337.694z M271.846,384.411c0,25.789-20.887,46.676-46.676,46.676   s-46.676-20.887-46.676-46.676c0-25.79,20.887-46.677,46.676-46.677C250.959,337.694,271.846,358.621,271.846,384.411z\"\/><\/g><\/symbol><symbol id=\"grw-google\" viewBox=\"0 0 512 512\"><g fill=\"none\" fill-rule=\"evenodd\"><path d=\"M482.56 261.36c0-16.73-1.5-32.83-4.29-48.27H256v91.29h127.01c-5.47 29.5-22.1 54.49-47.09 71.23v59.21h76.27c44.63-41.09 70.37-101.59 70.37-173.46z\" fill=\"#4285f4\"\/><path d=\"M256 492c63.72 0 117.14-21.13 156.19-57.18l-76.27-59.21c-21.13 14.16-48.17 22.53-79.92 22.53-61.47 0-113.49-41.51-132.05-97.3H45.1v61.15c38.83 77.13 118.64 130.01 210.9 130.01z\" fill=\"#34a853\"\/><path d=\"M123.95 300.84c-4.72-14.16-7.4-29.29-7.4-44.84s2.68-30.68 7.4-44.84V150.01H45.1C29.12 181.87 20 217.92 20 256c0 38.08 9.12 74.13 25.1 105.99l78.85-61.15z\" fill=\"#fbbc05\"\/><path d=\"M256 113.86c34.65 0 65.76 11.91 90.22 35.29l67.69-67.69C373.03 43.39 319.61 20 256 20c-92.25 0-172.07 52.89-210.9 130.01l78.85 61.15c18.56-55.78 70.59-97.3 132.05-97.3z\" fill=\"#ea4335\"\/><path d=\"M20 20h472v472H20V20z\"\/><\/g><\/symbol><\/svg><div class=\"grw-row grw-row-m\" data-options='{\"speed\":3,\"autoplay\":true,\"mousestop\":true,\"breakpoints\":\"\"}'><div class=\"grw-header\"><div class=\"grw-header-inner rpi-flx rpi-row12\"><div class=\"grw-img-wrap\"><img decoding=\"async\" class=\"grw-img\" src=\"https:\/\/lh3.googleusercontent.com\/places\/AM5lPC93ZmeOYSQ82fFyIyV3cCQkKcCJTY6ht-8AR1SBsue1UZEW2FN121XJgUYCPB0UUjURLsQpQ_cliFwNjwX5VJPtkfe1Su6Kqys=s1600-w300-h300\" loading=\"lazy\" alt=\"Ortsbild von \u201eMegacase GmbH\u201c\" width=\"50\" height=\"50\" onerror=\"if(this.src!='data:image\/gif;base64,R0lGODlhAQABAIAAAAAAAP\/\/\/yH5BAEAAAAALAAAAAABAAEAAAIBRAA7')this.src='data:image\/gif;base64,R0lGODlhAQABAIAAAAAAAP\/\/\/yH5BAEAAAAALAAAAAABAAEAAAIBRAA7';\" ><\/div><div class=\"rpi-flx rpi-col8\"><div class=\"wp-google-name\"><a href=\"https:\/\/maps.google.com\/?cid=5032444450512635743\" target=\"_blank\" rel=\"nofollow noopener\">Megacase GmbH<\/a><\/div><span class=\"rpi-stars\" style=\"--rating:4.6\">4.6<\/span><div class=\"wp-google-based\">Basierend auf 10 Bewertungen<\/div><div class=\"wp-google-powered\">powered by <span><span style=\"color:#3c6df0!important\">G<\/span><span style=\"color:#d93025!important\">o<\/span><span style=\"color:#fb8e28!important\">o<\/span><span style=\"color:#3c6df0!important\">g<\/span><span style=\"color:#188038!important\">l<\/span><span style=\"color:#d93025!important\">e<\/span><\/span><\/div><div class=\"wp-google-wr\"><a href=\"https:\/\/search.google.com\/local\/writereview?placeid=ChIJdyya4XoJvUcRXwexkJDV1kU\" target=\"_blank\" rel=\"nofollow noopener\" onclick=\"return rplg_leave_review_window.call(this)\">bewerten Sie uns auf<svg height=\"16\" width=\"16\" role=\"none\"><use href=\"#grw-google\"><\/use><\/svg><\/a><\/div><\/div><\/div><\/div><div class=\"rpi-slides-root grw-content\"><div class=\"grw-content-inner\"><button class=\"rpi-ltgt rpi-lt grw-prev\" tabindex=\"0\"><\/button><div class=\"rpi-slides grw-reviews rpi-slides-bite\" data-count=\"4\" data-offset=\"4\"><div class=\"rpi-slide grw-review\"><div class=\"rpi-flx rpi-col12 grw-review-inner grw-backgnd\"><div class=\"rpi-flx rpi-row12-center\"><div class=\"grw-img-wrap\"><img decoding=\"async\" class=\"grw-img\" src=\"https:\/\/lh3.googleusercontent.com\/a-\/ACNPEu9wbh8uq6ua4_4Wp2XT3mhm_0DG7Sp2ZJ4FzpkaLg=s128-c0x00000000-cc-rp-mo\" loading=\"lazy\" alt=\"Profilbild von \u201eJens Oliver Soerup\u201c\" width=\"50\" height=\"50\" onerror=\"if(this.src!='https:\/\/cdn.megacase.com\/wp-content\/plugins\/widget-google-reviews\/assets\/img\/guest.png')this.src='https:\/\/cdn.megacase.com\/wp-content\/plugins\/widget-google-reviews\/assets\/img\/guest.png';\" ><\/div><div class=\"rpi-flx rpi-col6\"><a href=\"https:\/\/www.google.com\/maps\/contrib\/107345697452894812325\/reviews\" class=\"wp-google-name\" target=\"_blank\" rel=\"nofollow noopener\">Jens Oliver Soerup<\/a><div class=\"wp-google-time\" data-time=\"1602324625\">10:10 10 Oct 20<\/div><\/div><\/div><span class=\"rpi-stars\" style=\"--rating:5\"><\/span><div class=\"rpi-flx rpi-col4\"><div class=\"wp-google-feedback grw-scroll\" ><span class=\"wp-google-text\">Guster Preis, guter Online Konfigurator, netter Kontakt, es wird mitgedacht und bei Bedarf zur\u00fcck gefragt. Und dann war das Spezialcase auch noch deutlich fr\u00fcher fertig. Uneingeschr\u00e4nkt empfehlenswert.<\/span><\/div><\/div><svg height=\"16\" width=\"16\" role=\"none\"><use href=\"#grw-google\"\/><\/svg><\/div><\/div><div class=\"rpi-slide grw-review\"><div class=\"rpi-flx rpi-col12 grw-review-inner grw-backgnd\"><div class=\"rpi-flx rpi-row12-center\"><div class=\"grw-img-wrap\"><img decoding=\"async\" class=\"grw-img\" src=\"https:\/\/lh3.googleusercontent.com\/a-\/ACNPEu-pFAR5Y2NMUiSdFmS1SyujP7e5gWDoV33pN7I2Pg=s128-c0x00000000-cc-rp-mo\" loading=\"lazy\" alt=\"Profilbild von \u201eAlexander Janzen\u201c\" width=\"50\" height=\"50\" onerror=\"if(this.src!='https:\/\/cdn.megacase.com\/wp-content\/plugins\/widget-google-reviews\/assets\/img\/guest.png')this.src='https:\/\/cdn.megacase.com\/wp-content\/plugins\/widget-google-reviews\/assets\/img\/guest.png';\" ><\/div><div class=\"rpi-flx rpi-col6\"><a href=\"https:\/\/www.google.com\/maps\/contrib\/101630758426751574182\/reviews\" class=\"wp-google-name\" target=\"_blank\" rel=\"nofollow noopener\">Alexander Janzen<\/a><div class=\"wp-google-time\" data-time=\"1577907437\">19:37 01 Jan 20<\/div><\/div><\/div><span class=\"rpi-stars\" style=\"--rating:5\"><\/span><div class=\"rpi-flx rpi-col4\"><div class=\"wp-google-feedback grw-scroll\" ><span class=\"wp-google-text\">Super Unternehmen, \u00fcber die  Onlineonfiguration waren meine Kisten sehr schnell zusammengestellt, letzt Details und Tipps wurden telefonisch gekl\u00e4rt.<br \/>Innerhalb von zwei Wochen waren die Kisten da.<br \/>Sehr gute und sauber Verarbeitung.<br \/>Vielen Dank<\/span><\/div><\/div><svg height=\"16\" width=\"16\" role=\"none\"><use href=\"#grw-google\"\/><\/svg><\/div><\/div><div class=\"rpi-slide grw-review\"><div class=\"rpi-flx rpi-col12 grw-review-inner grw-backgnd\"><div class=\"rpi-flx rpi-row12-center\"><div class=\"grw-img-wrap\"><img decoding=\"async\" class=\"grw-img\" src=\"https:\/\/lh3.googleusercontent.com\/a\/ALm5wu0qJ2kRItAe4FrbaemeL9_NhU_GhWSjAjbvaBQ3=s128-c0x00000000-cc-rp-mo\" loading=\"lazy\" alt=\"Profilbild von \u201eRobin z\u201c\" width=\"50\" height=\"50\" onerror=\"if(this.src!='https:\/\/cdn.megacase.com\/wp-content\/plugins\/widget-google-reviews\/assets\/img\/guest.png')this.src='https:\/\/cdn.megacase.com\/wp-content\/plugins\/widget-google-reviews\/assets\/img\/guest.png';\" ><\/div><div class=\"rpi-flx rpi-col6\"><a href=\"https:\/\/www.google.com\/maps\/contrib\/117939882637364984686\/reviews\" class=\"wp-google-name\" target=\"_blank\" rel=\"nofollow noopener\">Robin z<\/a><div class=\"wp-google-time\" data-time=\"1516368426\">13:27 19 Jan 18<\/div><\/div><\/div><span class=\"rpi-stars\" style=\"--rating:5\"><\/span><div class=\"rpi-flx rpi-col4\"><div class=\"wp-google-feedback grw-scroll\" ><span class=\"wp-google-text\">Super Firma, die direkte online Konfiguration und Bestellung funktioniert einwandfrei. Aber auch bei Sonderw\u00fcnschen wird man perfekt und beraten.<\/span><\/div><\/div><svg height=\"16\" width=\"16\" role=\"none\"><use href=\"#grw-google\"\/><\/svg><\/div><\/div><div class=\"rpi-slide grw-review\"><div class=\"rpi-flx rpi-col12 grw-review-inner grw-backgnd\"><div class=\"rpi-flx rpi-row12-center\"><div class=\"grw-img-wrap\"><img decoding=\"async\" class=\"grw-img\" src=\"https:\/\/lh3.googleusercontent.com\/a-\/ACNPEu_V1tYtPKp9mG6hSomRl1upDKaX-_nr2qAO8dZKIQ=s128-c0x00000000-cc-rp-mo\" loading=\"lazy\" alt=\"Profilbild von \u201eIsabelle Jakubeit\u201c\" width=\"50\" height=\"50\" onerror=\"if(this.src!='https:\/\/cdn.megacase.com\/wp-content\/plugins\/widget-google-reviews\/assets\/img\/guest.png')this.src='https:\/\/cdn.megacase.com\/wp-content\/plugins\/widget-google-reviews\/assets\/img\/guest.png';\" ><\/div><div class=\"rpi-flx rpi-col6\"><a href=\"https:\/\/www.google.com\/maps\/contrib\/102553416837994999219\/reviews\" class=\"wp-google-name\" target=\"_blank\" rel=\"nofollow noopener\">Isabelle Jakubeit<\/a><div class=\"wp-google-time\" data-time=\"1513093060\">15:37 12 Dec 17<\/div><\/div><\/div><span class=\"rpi-stars\" style=\"--rating:5\"><\/span><div class=\"rpi-flx rpi-col4\"><div class=\"wp-google-feedback grw-scroll\" ><span class=\"wp-google-text\">Tolle Truppe und mindestens genau so tolle Flightcases werden bei Megacase gebaut. Echt stark!<\/span><\/div><\/div><svg height=\"16\" width=\"16\" role=\"none\"><use href=\"#grw-google\"\/><\/svg><\/div><\/div><\/div><button class=\"rpi-ltgt rpi-gt grw-next\" tabindex=\"0\"><\/button><div class=\"rpi-dots-wrap\"><div class=\"rpi-dots\"><\/div><\/div><\/div><\/div><\/div><script>(function(p){if(!p)return;let w=p.offsetWidth,m=function(a,b){return Math.min(a,b)===a};p.querySelector('.grw-row').classList.replace('grw-row-m','grw-row-'+(m(w,510)?'xs':m(w,750)?'x':m(w,1100)?'s':m(w,1450)?'m':m(w,1800)?'l':'xl'))})(document.currentScript?.parentElement)<\/script><\/div><\/pre>\n<p><a href=\"https:\/\/www.google.com\/shopping\/customerreviews\/merchantreviews?q=megacase.com\" target=\"_blank\" rel=\"noopener\">Zu den neuen Bewertungen auf Google<\/a><\/p>\n","protected":false},"excerpt":{"rendered":"<p>[mc_row] [mc_column] Sehr geehrter Herr Treike, das Case ist angekommen und ich wei\u00df nicht genau, was ich dazu sagen soll.<\/p>\n","protected":false},"author":8993,"featured_media":0,"parent":8,"menu_order":3,"comment_status":"closed","ping_status":"closed","template":"","meta":{"_acf_changed":false,"footnotes":""},"class_list":["post-50203","page","type-page","status-publish","hentry"],"acf":[],"_links":{"self":[{"href":"https:\/\/megacase.com\/de\/wp-json\/wp\/v2\/pages\/50203","targetHints":{"allow":["GET"]}}],"collection":[{"href":"https:\/\/megacase.com\/de\/wp-json\/wp\/v2\/pages"}],"about":[{"href":"https:\/\/megacase.com\/de\/wp-json\/wp\/v2\/types\/page"}],"author":[{"embeddable":true,"href":"https:\/\/megacase.com\/de\/wp-json\/wp\/v2\/users\/8993"}],"replies":[{"embeddable":true,"href":"https:\/\/megacase.com\/de\/wp-json\/wp\/v2\/comments?post=50203"}],"version-history":[{"count":6,"href":"https:\/\/megacase.com\/de\/wp-json\/wp\/v2\/pages\/50203\/revisions"}],"predecessor-version":[{"id":247406,"href":"https:\/\/megacase.com\/de\/wp-json\/wp\/v2\/pages\/50203\/revisions\/247406"}],"up":[{"embeddable":true,"href":"https:\/\/megacase.com\/de\/wp-json\/wp\/v2\/pages\/8"}],"wp:attachment":[{"href":"https:\/\/megacase.com\/de\/wp-json\/wp\/v2\/media?parent=50203"}],"curies":[{"name":"wp","href":"https:\/\/api.w.org\/{rel}","templated":true}]}}