{"id":50201,"date":"2016-12-29T11:05:10","date_gmt":"2016-12-29T10:05:10","guid":{"rendered":"http:\/\/megacase.dev\/?page_id=50201\/"},"modified":"2024-01-24T11:12:42","modified_gmt":"2024-01-24T10:12:42","slug":"made-in-germany","status":"publish","type":"page","link":"https:\/\/megacase.com\/de\/home\/made-in-germany\/","title":{"rendered":"Flightcases Made in Germany"},"content":{"rendered":"[mc_row]\n[mc_column]\n<div id='gallery-1' class='gallery galleryid-50201 gallery-columns-3 gallery-size-large'><figure class='gallery-item'>\n\t\t\t<div class='gallery-icon landscape'>\n\t\t\t\t<a href='https:\/\/cdn.megacase.com\/wp-content\/uploads\/2016\/12\/endmontage-13_1.jpg'><img loading=\"lazy\" decoding=\"async\" width=\"1024\" height=\"683\" src=\"https:\/\/cdn.megacase.com\/wp-content\/uploads\/2016\/12\/endmontage-13_1-1024x683.jpg\" class=\"attachment-large size-large\" alt=\"\" srcset=\"https:\/\/cdn.megacase.com\/wp-content\/uploads\/2016\/12\/endmontage-13_1-1024x683.jpg 1024w, https:\/\/cdn.megacase.com\/wp-content\/uploads\/2016\/12\/endmontage-13_1-300x200.jpg 300w, https:\/\/cdn.megacase.com\/wp-content\/uploads\/2016\/12\/endmontage-13_1-150x100.jpg 150w, https:\/\/cdn.megacase.com\/wp-content\/uploads\/2016\/12\/endmontage-13_1-768x512.jpg 768w, https:\/\/cdn.megacase.com\/wp-content\/uploads\/2016\/12\/endmontage-13_1-24x16.jpg 24w, https:\/\/cdn.megacase.com\/wp-content\/uploads\/2016\/12\/endmontage-13_1-48x32.jpg 48w, https:\/\/cdn.megacase.com\/wp-content\/uploads\/2016\/12\/endmontage-13_1-18x12.jpg 18w\" sizes=\"auto, (max-width: 1024px) 100vw, 1024px\" \/><\/a>\n\t\t\t<\/div><\/figure><figure class='gallery-item'>\n\t\t\t<div class='gallery-icon landscape'>\n\t\t\t\t<a href='https:\/\/cdn.megacase.com\/wp-content\/uploads\/2016\/12\/konstruktion_2831_1.jpg'><img loading=\"lazy\" decoding=\"async\" width=\"1024\" height=\"683\" src=\"https:\/\/cdn.megacase.com\/wp-content\/uploads\/2016\/12\/konstruktion_2831_1-1024x683.jpg\" class=\"attachment-large size-large\" alt=\"\" srcset=\"https:\/\/cdn.megacase.com\/wp-content\/uploads\/2016\/12\/konstruktion_2831_1-1024x683.jpg 1024w, https:\/\/cdn.megacase.com\/wp-content\/uploads\/2016\/12\/konstruktion_2831_1-300x200.jpg 300w, https:\/\/cdn.megacase.com\/wp-content\/uploads\/2016\/12\/konstruktion_2831_1-150x100.jpg 150w, https:\/\/cdn.megacase.com\/wp-content\/uploads\/2016\/12\/konstruktion_2831_1-768x512.jpg 768w, https:\/\/cdn.megacase.com\/wp-content\/uploads\/2016\/12\/konstruktion_2831_1-24x16.jpg 24w, https:\/\/cdn.megacase.com\/wp-content\/uploads\/2016\/12\/konstruktion_2831_1-48x32.jpg 48w, https:\/\/cdn.megacase.com\/wp-content\/uploads\/2016\/12\/konstruktion_2831_1-18x12.jpg 18w\" sizes=\"auto, (max-width: 1024px) 100vw, 1024px\" \/><\/a>\n\t\t\t<\/div><\/figure><figure class='gallery-item'>\n\t\t\t<div class='gallery-icon landscape'>\n\t\t\t\t<a href='https:\/\/cdn.megacase.com\/wp-content\/uploads\/2016\/12\/vormontage-05_1.jpg'><img loading=\"lazy\" decoding=\"async\" width=\"1024\" height=\"683\" src=\"https:\/\/cdn.megacase.com\/wp-content\/uploads\/2016\/12\/vormontage-05_1-1024x683.jpg\" class=\"attachment-large size-large\" alt=\"\" srcset=\"https:\/\/cdn.megacase.com\/wp-content\/uploads\/2016\/12\/vormontage-05_1-1024x683.jpg 1024w, https:\/\/cdn.megacase.com\/wp-content\/uploads\/2016\/12\/vormontage-05_1-300x200.jpg 300w, https:\/\/cdn.megacase.com\/wp-content\/uploads\/2016\/12\/vormontage-05_1-150x100.jpg 150w, https:\/\/cdn.megacase.com\/wp-content\/uploads\/2016\/12\/vormontage-05_1-768x512.jpg 768w, https:\/\/cdn.megacase.com\/wp-content\/uploads\/2016\/12\/vormontage-05_1-24x16.jpg 24w, https:\/\/cdn.megacase.com\/wp-content\/uploads\/2016\/12\/vormontage-05_1-48x32.jpg 48w, https:\/\/cdn.megacase.com\/wp-content\/uploads\/2016\/12\/vormontage-05_1-18x12.jpg 18w\" sizes=\"auto, (max-width: 1024px) 100vw, 1024px\" \/><\/a>\n\t\t\t<\/div><\/figure><figure class='gallery-item'>\n\t\t\t<div class='gallery-icon landscape'>\n\t\t\t\t<a href='https:\/\/cdn.megacase.com\/wp-content\/uploads\/2016\/12\/alukanten-nieten-pickern046_1.jpg'><img loading=\"lazy\" decoding=\"async\" width=\"1024\" height=\"683\" src=\"https:\/\/cdn.megacase.com\/wp-content\/uploads\/2016\/12\/alukanten-nieten-pickern046_1-1024x683.jpg\" class=\"attachment-large size-large\" alt=\"\" srcset=\"https:\/\/cdn.megacase.com\/wp-content\/uploads\/2016\/12\/alukanten-nieten-pickern046_1-1024x683.jpg 1024w, https:\/\/cdn.megacase.com\/wp-content\/uploads\/2016\/12\/alukanten-nieten-pickern046_1-300x200.jpg 300w, https:\/\/cdn.megacase.com\/wp-content\/uploads\/2016\/12\/alukanten-nieten-pickern046_1-150x100.jpg 150w, https:\/\/cdn.megacase.com\/wp-content\/uploads\/2016\/12\/alukanten-nieten-pickern046_1-768x512.jpg 768w, https:\/\/cdn.megacase.com\/wp-content\/uploads\/2016\/12\/alukanten-nieten-pickern046_1-24x16.jpg 24w, https:\/\/cdn.megacase.com\/wp-content\/uploads\/2016\/12\/alukanten-nieten-pickern046_1-48x32.jpg 48w, https:\/\/cdn.megacase.com\/wp-content\/uploads\/2016\/12\/alukanten-nieten-pickern046_1-18x12.jpg 18w\" sizes=\"auto, (max-width: 1024px) 100vw, 1024px\" \/><\/a>\n\t\t\t<\/div><\/figure><figure class='gallery-item'>\n\t\t\t<div class='gallery-icon landscape'>\n\t\t\t\t<a href='https:\/\/cdn.megacase.com\/wp-content\/uploads\/2016\/12\/endmontage-070_1.jpg'><img loading=\"lazy\" decoding=\"async\" width=\"1024\" height=\"683\" src=\"https:\/\/cdn.megacase.com\/wp-content\/uploads\/2016\/12\/endmontage-070_1-1024x683.jpg\" class=\"attachment-large size-large\" alt=\"\" srcset=\"https:\/\/cdn.megacase.com\/wp-content\/uploads\/2016\/12\/endmontage-070_1-1024x683.jpg 1024w, https:\/\/cdn.megacase.com\/wp-content\/uploads\/2016\/12\/endmontage-070_1-300x200.jpg 300w, https:\/\/cdn.megacase.com\/wp-content\/uploads\/2016\/12\/endmontage-070_1-150x100.jpg 150w, https:\/\/cdn.megacase.com\/wp-content\/uploads\/2016\/12\/endmontage-070_1-768x512.jpg 768w, https:\/\/cdn.megacase.com\/wp-content\/uploads\/2016\/12\/endmontage-070_1-24x16.jpg 24w, https:\/\/cdn.megacase.com\/wp-content\/uploads\/2016\/12\/endmontage-070_1-48x32.jpg 48w, https:\/\/cdn.megacase.com\/wp-content\/uploads\/2016\/12\/endmontage-070_1-18x12.jpg 18w\" sizes=\"auto, (max-width: 1024px) 100vw, 1024px\" \/><\/a>\n\t\t\t<\/div><\/figure><figure class='gallery-item'>\n\t\t\t<div class='gallery-icon landscape'>\n\t\t\t\t<a href='https:\/\/cdn.megacase.com\/wp-content\/uploads\/2016\/12\/vormontage-03_1.jpg'><img loading=\"lazy\" decoding=\"async\" width=\"1024\" height=\"683\" src=\"https:\/\/cdn.megacase.com\/wp-content\/uploads\/2016\/12\/vormontage-03_1-1024x683.jpg\" class=\"attachment-large size-large\" alt=\"\" srcset=\"https:\/\/cdn.megacase.com\/wp-content\/uploads\/2016\/12\/vormontage-03_1-1024x683.jpg 1024w, https:\/\/cdn.megacase.com\/wp-content\/uploads\/2016\/12\/vormontage-03_1-300x200.jpg 300w, https:\/\/cdn.megacase.com\/wp-content\/uploads\/2016\/12\/vormontage-03_1-150x100.jpg 150w, https:\/\/cdn.megacase.com\/wp-content\/uploads\/2016\/12\/vormontage-03_1-768x512.jpg 768w, https:\/\/cdn.megacase.com\/wp-content\/uploads\/2016\/12\/vormontage-03_1-24x16.jpg 24w, https:\/\/cdn.megacase.com\/wp-content\/uploads\/2016\/12\/vormontage-03_1-48x32.jpg 48w, https:\/\/cdn.megacase.com\/wp-content\/uploads\/2016\/12\/vormontage-03_1-18x12.jpg 18w\" sizes=\"auto, (max-width: 1024px) 100vw, 1024px\" \/><\/a>\n\t\t\t<\/div><\/figure><figure class='gallery-item'>\n\t\t\t<div class='gallery-icon landscape'>\n\t\t\t\t<a href='https:\/\/cdn.megacase.com\/wp-content\/uploads\/2016\/12\/laden_4298-fb.jpg'><img loading=\"lazy\" decoding=\"async\" width=\"1024\" height=\"683\" src=\"https:\/\/cdn.megacase.com\/wp-content\/uploads\/2016\/12\/laden_4298-fb-1024x683.jpg\" class=\"attachment-large size-large\" alt=\"\" srcset=\"https:\/\/cdn.megacase.com\/wp-content\/uploads\/2016\/12\/laden_4298-fb-1024x683.jpg 1024w, https:\/\/cdn.megacase.com\/wp-content\/uploads\/2016\/12\/laden_4298-fb-300x200.jpg 300w, https:\/\/cdn.megacase.com\/wp-content\/uploads\/2016\/12\/laden_4298-fb-150x100.jpg 150w, https:\/\/cdn.megacase.com\/wp-content\/uploads\/2016\/12\/laden_4298-fb-768x512.jpg 768w, https:\/\/cdn.megacase.com\/wp-content\/uploads\/2016\/12\/laden_4298-fb-24x16.jpg 24w, https:\/\/cdn.megacase.com\/wp-content\/uploads\/2016\/12\/laden_4298-fb-48x32.jpg 48w, https:\/\/cdn.megacase.com\/wp-content\/uploads\/2016\/12\/laden_4298-fb-18x12.jpg 18w, https:\/\/cdn.megacase.com\/wp-content\/uploads\/2016\/12\/laden_4298-fb.jpg 1200w\" sizes=\"auto, (max-width: 1024px) 100vw, 1024px\" \/><\/a>\n\t\t\t<\/div><\/figure><figure class='gallery-item'>\n\t\t\t<div class='gallery-icon landscape'>\n\t\t\t\t<a href='https:\/\/cdn.megacase.com\/wp-content\/uploads\/2016\/12\/Pickern-spreitznieten-alukanten-02_1.jpg'><img loading=\"lazy\" decoding=\"async\" width=\"1024\" height=\"683\" src=\"https:\/\/cdn.megacase.com\/wp-content\/uploads\/2016\/12\/Pickern-spreitznieten-alukanten-02_1-1024x683.jpg\" class=\"attachment-large size-large\" alt=\"\" srcset=\"https:\/\/cdn.megacase.com\/wp-content\/uploads\/2016\/12\/Pickern-spreitznieten-alukanten-02_1-1024x683.jpg 1024w, https:\/\/cdn.megacase.com\/wp-content\/uploads\/2016\/12\/Pickern-spreitznieten-alukanten-02_1-300x200.jpg 300w, https:\/\/cdn.megacase.com\/wp-content\/uploads\/2016\/12\/Pickern-spreitznieten-alukanten-02_1-150x100.jpg 150w, https:\/\/cdn.megacase.com\/wp-content\/uploads\/2016\/12\/Pickern-spreitznieten-alukanten-02_1-768x512.jpg 768w, https:\/\/cdn.megacase.com\/wp-content\/uploads\/2016\/12\/Pickern-spreitznieten-alukanten-02_1-24x16.jpg 24w, https:\/\/cdn.megacase.com\/wp-content\/uploads\/2016\/12\/Pickern-spreitznieten-alukanten-02_1-48x32.jpg 48w, https:\/\/cdn.megacase.com\/wp-content\/uploads\/2016\/12\/Pickern-spreitznieten-alukanten-02_1-18x12.jpg 18w\" sizes=\"auto, (max-width: 1024px) 100vw, 1024px\" \/><\/a>\n\t\t\t<\/div><\/figure><figure class='gallery-item'>\n\t\t\t<div class='gallery-icon landscape'>\n\t\t\t\t<a href='https:\/\/cdn.megacase.com\/wp-content\/uploads\/2016\/12\/material_zusammenstellung_2579_1.jpg'><img loading=\"lazy\" decoding=\"async\" width=\"1024\" height=\"683\" src=\"https:\/\/cdn.megacase.com\/wp-content\/uploads\/2016\/12\/material_zusammenstellung_2579_1-1024x683.jpg\" class=\"attachment-large size-large\" alt=\"\" srcset=\"https:\/\/cdn.megacase.com\/wp-content\/uploads\/2016\/12\/material_zusammenstellung_2579_1-1024x683.jpg 1024w, https:\/\/cdn.megacase.com\/wp-content\/uploads\/2016\/12\/material_zusammenstellung_2579_1-300x200.jpg 300w, https:\/\/cdn.megacase.com\/wp-content\/uploads\/2016\/12\/material_zusammenstellung_2579_1-150x100.jpg 150w, https:\/\/cdn.megacase.com\/wp-content\/uploads\/2016\/12\/material_zusammenstellung_2579_1-768x512.jpg 768w, https:\/\/cdn.megacase.com\/wp-content\/uploads\/2016\/12\/material_zusammenstellung_2579_1-24x16.jpg 24w, https:\/\/cdn.megacase.com\/wp-content\/uploads\/2016\/12\/material_zusammenstellung_2579_1-48x32.jpg 48w, https:\/\/cdn.megacase.com\/wp-content\/uploads\/2016\/12\/material_zusammenstellung_2579_1-18x12.jpg 18w\" sizes=\"auto, (max-width: 1024px) 100vw, 1024px\" \/><\/a>\n\t\t\t<\/div><\/figure>\n\t\t<\/div>\n\n[\/mc_column]\n[mc_column]\n[megacase_text]Vom ersten Beratungsgespr\u00e4ch bis hin zur letzten Kugelecke, werden Ihre <a href=\"https:\/\/megacase.com\/de\/produkt-kategorie\/konfigurator\/\">Transportkoffer<\/a> und <a href=\"https:\/\/megacase.com\/de\/produkt-kategorie\/konfigurator\/\">Flightcases<\/a> ausschlie\u00dflich in Deutschland geplant und gefertigt.<\/p>\n<p><!--megacase_text-->Unsere Philosophie sind langfristige und faire Gesch\u00e4ftsbeziehungen mit unseren Kunden sowie mit allen Lieferanten. Dadurch erhalten wir auch faire Preise im Einkauf \u2013 bei gleichbleibend hoher Qualit\u00e4t des Materials.<\/p>\n<p>Eine optimale Basis dabei wird schon bei der <!--megacase_text-->Auswahl des Materials geschaffen. Nahezu 95% des Produktionsablaufes erfolgt in Handarbeit. St\u00e4ndige Kontrollen sichern einen gleichbleibend hohen Standard.<\/p>\n<p><!--megacase_text-->Das Siegel \u201e<strong>Made in Germany<\/strong>\u201c steht bei Megacase deshalb f\u00fcr:<\/p>\n<ul>\n<li>Langj\u00e4hrige Erfahrung im Bau von Transportcases<\/li>\n<li>Beratung und exakte Konstruktion nach Kundenw\u00fcnschen<\/li>\n<li>Fachkr\u00e4fte garantieren die Funktionalit\u00e4t und Ergonomie der Cases<\/li>\n<li>St\u00e4ndige \u00dcberwachung der Qualit\u00e4tsstandards in der Produktion<\/li>\n<li>Auswahl von gepr\u00fcften, zertifizierten Materialien und Komponenten<\/li>\n<li>Gro\u00dfes Sortiment an Zubeh\u00f6r- und Anbauteilen<\/li>\n<li>Spitzen Lieferzeiten im Branchenvergleich<\/li>\n<li>Hohe Kundenzufriedenheit<\/li>\n<li>5 Jahre Garantie<\/li>\n<\/ul>\n[\/megacase_text]\n[\/mc_column]\n[\/mc_row]\n","protected":false},"excerpt":{"rendered":"<p>[mc_row] [mc_column] [\/mc_column] [mc_column] [megacase_text]Vom ersten Beratungsgespr\u00e4ch bis hin zur letzten Kugelecke, werden Ihre Transportkoffer und Flightcases ausschlie\u00dflich in Deutschland<\/p>\n","protected":false},"author":8993,"featured_media":0,"parent":8,"menu_order":1,"comment_status":"closed","ping_status":"closed","template":"","meta":{"_acf_changed":false,"footnotes":""},"class_list":["post-50201","page","type-page","status-publish","hentry"],"acf":[],"_links":{"self":[{"href":"https:\/\/megacase.com\/de\/wp-json\/wp\/v2\/pages\/50201","targetHints":{"allow":["GET"]}}],"collection":[{"href":"https:\/\/megacase.com\/de\/wp-json\/wp\/v2\/pages"}],"about":[{"href":"https:\/\/megacase.com\/de\/wp-json\/wp\/v2\/types\/page"}],"author":[{"embeddable":true,"href":"https:\/\/megacase.com\/de\/wp-json\/wp\/v2\/users\/8993"}],"replies":[{"embeddable":true,"href":"https:\/\/megacase.com\/de\/wp-json\/wp\/v2\/comments?post=50201"}],"version-history":[{"count":5,"href":"https:\/\/megacase.com\/de\/wp-json\/wp\/v2\/pages\/50201\/revisions"}],"predecessor-version":[{"id":104905,"href":"https:\/\/megacase.com\/de\/wp-json\/wp\/v2\/pages\/50201\/revisions\/104905"}],"up":[{"embeddable":true,"href":"https:\/\/megacase.com\/de\/wp-json\/wp\/v2\/pages\/8"}],"wp:attachment":[{"href":"https:\/\/megacase.com\/de\/wp-json\/wp\/v2\/media?parent=50201"}],"curies":[{"name":"wp","href":"https:\/\/api.w.org\/{rel}","templated":true}]}}