{"id":50191,"date":"2016-12-28T16:25:28","date_gmt":"2016-12-28T15:25:28","guid":{"rendered":"http:\/\/megacase.dev\/?page_id=50191\/"},"modified":"2024-10-14T08:34:34","modified_gmt":"2024-10-14T06:34:34","slug":"5-flightcase-typen","status":"publish","type":"page","link":"https:\/\/megacase.com\/de\/home\/5-flightcase-typen\/","title":{"rendered":"5 Flightcase Typen"},"content":{"rendered":"[megacase_splide_slider columns=&#8220;6&#8243; link=&#8220;file&#8220; slick_active=&#8220;true&#8220; sl_slidestoshow=&#8220;8&#8243; sl_dots=&#8220;true&#8220; sl_swipetoslide=&#8220;true&#8220; sl_autoplay=&#8220;true&#8220; sl_show_caption=&#8220;true&#8220; sl_variablewidth=&#8220;true&#8220; ids=&#8220;50648,50644,50640,50627,50623,50619,50611,50607,50603,50599,50595,50591,50587,50583,50579,50575,50571,50559&#8243; orderby=&#8220;rand&#8220;]\n[megacase_text]Wir unterscheiden in 5 verschiedene Case Typen:\u00a0<a href=\"https:\/\/megacase.com\/de\/produkt-kategorie\/konfigurator\/\/koffer\">Zubeh\u00f6r-Koffer<\/a>, <a href=\"https:\/\/megacase.com\/de\/produkt-kategorie\/konfigurator\/\/truhe\">Zubeh\u00f6r Flightcase\u00a0(Truhe)<\/a>,\u00a0<a href=\"https:\/\/megacase.com\/de\/produkt-kategorie\/konfigurator\/\/hauben-case\">Haubencase\u00a0mit Deckel<\/a>,\u00a0<a href=\"https:\/\/megacase.com\/de\/produkt-kategorie\/konfigurator\/\/19-rack\">19&#8243;-Rack<\/a>\u00a0und\u00a0<a href=\"https:\/\/megacase.com\/de\/produkt-kategorie\/konfigurator\/\/keyboard-case\">Keyboard Case<\/a>. <!--megacase_text-->Aus diesen f\u00fcnf Grundformen k\u00f6nnen Sie mit Hilfe unserer Flightcase-Konfiguratoren Ihr pers\u00f6nliches Wunschcase individuell planen.\u00a0Jede \u00c4nderung an Ihrem Wunschcase sehen Sie live in der 3D-Vorschau und Sie sehen auch sofort Ihren Preis &#8211; ohne Angebotsanfrage und Bearbeitungszeit.\u00a0Neben den Grundmerkmalen wie Ma\u00dfe, Material und <a href=\"https:\/\/megacase.com\/de\/farben-beschichtungen\/\">Case-Farbe<\/a> k\u00f6nnen Sie auch Griffe, Polsterung und Beschl\u00e4ge frei w\u00e4hlen und Ihrem Case zahlreiche Extras wie z.B. Rollen, Radmulden, Tourlabel-Schale\u00a0usw. hinzuf\u00fcgen.[\/megacase_text]\n[megacase_splide_slider sl_border=&#8220;true&#8220; columns=&#8220;3&#8243; size=&#8220;large&#8220; link=&#8220;file&#8220; slick_active=&#8220;true&#8220; sl_autoplay=&#8220;true&#8220; sl_slidesToScroll=&#8220;3&#8243; sl_slidestoshow=&#8220;6&#8243; sl_variablewidth=&#8220;true&#8220; ids=&#8220;advertising_slider&#8220; hidedesktop=&#8220;true&#8220;]\n","protected":false},"excerpt":{"rendered":"<p>[megacase_splide_slider columns=&#8220;6&#8243; link=&#8220;file&#8220; slick_active=&#8220;true&#8220; sl_slidestoshow=&#8220;8&#8243; sl_dots=&#8220;true&#8220; sl_swipetoslide=&#8220;true&#8220; sl_autoplay=&#8220;true&#8220; sl_show_caption=&#8220;true&#8220; sl_variablewidth=&#8220;true&#8220; ids=&#8220;50648,50644,50640,50627,50623,50619,50611,50607,50603,50599,50595,50591,50587,50583,50579,50575,50571,50559&#8243; orderby=&#8220;rand&#8220;] [megacase_text]Wir unterscheiden in 5 verschiedene Case Typen:\u00a0Zubeh\u00f6r-Koffer, Zubeh\u00f6r<\/p>\n","protected":false},"author":8993,"featured_media":0,"parent":8,"menu_order":0,"comment_status":"closed","ping_status":"closed","template":"","meta":{"_acf_changed":false,"footnotes":""},"class_list":["post-50191","page","type-page","status-publish","hentry"],"acf":[],"_links":{"self":[{"href":"https:\/\/megacase.com\/de\/wp-json\/wp\/v2\/pages\/50191","targetHints":{"allow":["GET"]}}],"collection":[{"href":"https:\/\/megacase.com\/de\/wp-json\/wp\/v2\/pages"}],"about":[{"href":"https:\/\/megacase.com\/de\/wp-json\/wp\/v2\/types\/page"}],"author":[{"embeddable":true,"href":"https:\/\/megacase.com\/de\/wp-json\/wp\/v2\/users\/8993"}],"replies":[{"embeddable":true,"href":"https:\/\/megacase.com\/de\/wp-json\/wp\/v2\/comments?post=50191"}],"version-history":[{"count":5,"href":"https:\/\/megacase.com\/de\/wp-json\/wp\/v2\/pages\/50191\/revisions"}],"predecessor-version":[{"id":269555,"href":"https:\/\/megacase.com\/de\/wp-json\/wp\/v2\/pages\/50191\/revisions\/269555"}],"up":[{"embeddable":true,"href":"https:\/\/megacase.com\/de\/wp-json\/wp\/v2\/pages\/8"}],"wp:attachment":[{"href":"https:\/\/megacase.com\/de\/wp-json\/wp\/v2\/media?parent=50191"}],"curies":[{"name":"wp","href":"https:\/\/api.w.org\/{rel}","templated":true}]}}