{"id":355,"date":"2016-08-09T15:22:03","date_gmt":"2016-08-09T13:22:03","guid":{"rendered":"http:\/\/mc.sunlab.eu\/?page_id=355"},"modified":"2025-07-22T16:07:01","modified_gmt":"2025-07-22T14:07:01","slug":"agb","status":"publish","type":"page","link":"https:\/\/megacase.com\/de\/agb\/","title":{"rendered":"AGB"},"content":{"rendered":"<h1><strong>Allgemeine Gesch\u00e4ftsbedingungen<\/strong><\/h1>\n<h3>\u00a7 1 Allgemeines<\/h3>\n<ol>\n<li>F\u00fcr die Gesch\u00e4ftsbeziehungen jeglicher Art zwischen der Megacase GmbH, Am Wiesenweg 19-21, 97262 Hausen (nachfolgend \u201eMegacase\u201c genannt) und dem Kunden gelten die nachfolgenden Allgemeinen Gesch\u00e4ftsbedingungen in ihrer jeweils g\u00fcltigen Fassung. Kunden k\u00f6nnen sowohl Unternehmer als auch Verbraucher sein. Verbraucher ist jede nat\u00fcrliche Person, die ein Rechtsgesch\u00e4ft zu Zwecken abschlie\u00dft, die \u00fcberwiegend weder ihrer gewerblichen noch ihrer selbst\u00e4ndigen beruflichen T\u00e4tigkeit zugerechnet werden k\u00f6nnen (\u00a7 13 BGB). Unternehmer ist eine nat\u00fcrliche oder juristische Person oder eine rechtsf\u00e4hige Personengesellschaft, die bei Abschluss eines Rechtsgesch\u00e4fts in Aus\u00fcbung ihrer gewerblichen oder selbst\u00e4ndigen beruflichen T\u00e4tigkeit handelt (\u00a7 14 BGB).<\/li>\n<li>Die Darstellung der Produkte im Onlineshop stellt kein rechtlich bindendes Angebot, sondern nur einen unverbindlichen Online-Katalog des Warensortiments dar. Durch Anklicken des Buttons &#8222;Kaufen&#8220; gibt der Kunde eine verbindliche Bestellung der im Warenkorb enthaltenen Waren ab. Eine Best\u00e4tigung des Eingangs der Bestellung folgt unverz\u00fcglich nach dem Absenden der Bestellung. Der Kaufvertrag kommt erst mit unserer separaten Auftragsbest\u00e4tigung zustande. Der Vertragstext wird gespeichert und die Bestelldaten und die Allgemeinen Gesch\u00e4ftsbedingungen werden dem Kunden per E-Mail zugesandt. Alle fr\u00fcheren Bestellungen k\u00f6nnen vom Kunden im Login-Bereich eingesehen werden.<\/li>\n<li>Megacase beh\u00e4lt sich vor, die versprochene Leistung nicht zu erbringen, wenn sich nach Vertragsschluss herausstellt, dass die Ware nicht verf\u00fcgbar ist, obwohl ein entsprechendes Verpflichtungsgesch\u00e4ft abgeschlossen wurde. In einem solchen Fall erh\u00e4lt der Kunde unverz\u00fcglich Nachricht. Eventuell bereits erbrachte Gegenleistungen werden unverz\u00fcglich erstattet. Weitere Anspr\u00fcche gegen Megacase sind ausgeschlossen.<\/li>\n<li>Vertragssprache ist Deutsch.<\/li>\n<li>Im Einzelnen durchl\u00e4uft der Kunde bei einer Bestellung im Onlineshop folgende technische Schritte:\n<ul>\n<li style=\"list-style-type: none;\">\n<ul>\n<li>Klick auf Schaltfl\u00e4che &#8222;zur Kasse gehen&#8220; im eingeblendeten Warenkorb<\/li>\n<li>Weiterleitung auf allgemeine Bestell\u00fcbersichtsseite (megacase.com Kasse), auf der im Folgenden die einzelnen Kaufschritte durchlaufen werden<\/li>\n<li><strong>Schritt 1 <\/strong>Auswahl der &#8222;Rechnungs- und Lieferadresse&#8220; (f\u00fcr den Fall, dass der Kunde kein Kundenkonto besitzt und nicht eingeloggt ist; andernfalls sind Rechnungs- und Lieferadresse hinterlegt)\n<ul>\n<li>Eingabe der &#8222;Rechnungsadresse&#8220;<\/li>\n<li>Sind Rechnungs- und Lieferadresse nicht identisch, k\u00f6nnen Sie durch Anklicken der Checkbox eine &#8222;abweichende Lieferanschrift eingeben&#8220;<\/li>\n<\/ul>\n<\/li>\n<li><strong>Schritt 2\u00a0<\/strong>Es werden im n\u00e4chsten Abschnitt \u201eAlle Positionen Ihrer Bestellung\u201c \u00fcbersichtsartig angezeigt; es besteht die M\u00f6glichkeit, den Inhalt des Warenkorbs zu \u00e4ndern<\/li>\n<li><strong>Schritt 3\u00a0<\/strong>Auswahl der &#8222;Zahlungsart&#8220; (durch Anklicken der gew\u00fcnschten Zahlungsart)<\/li>\n<li><strong>Schritt 4\u00a0<\/strong>M\u00f6glichkeit &#8222;Weitere Optionen&#8220; durch Anklicken auszuw\u00e4hlen (abweichende Lieferadresse, Versandtermin, Megacase-Gutschein einl\u00f6sen, Kommentar\/Hinweis zur Bestellung)<\/li>\n<li>Abschluss der Bestellung durch Klick auf &#8222;Kaufen&#8220;-ButtonZu den einzelnen aufgef\u00fchrten Bestellschritten gelangt der Kunde \u00fcber die gel\u00e4ufigen Funktionen seines Internetbrowsers.<\/li>\n<\/ul>\n<\/li>\n<\/ul>\n<\/li>\n<\/ol>\n<h3>\u00a7 2 Lieferung<\/h3>\n<ol>\n<li>Wenn der Kunde Unternehmer (\u00a7 14 BGB) ist, erfolgt die Lieferung grunds\u00e4tzlich auf Gefahr des Kunden. Dies gilt auch bei Teillieferungen. Ist der Kunde Verbraucher im Sinne des \u00a7 13 BGB, so geht die Gefahr des zuf\u00e4lligen Untergangs und der zuf\u00e4lligen Verschlechterung der verkauften Sache auch beim Versendungskauf erst mit der \u00dcbergabe der Sache auf den Kunden \u00fcber. Der \u00dcbergabe steht es gleich, wenn der K\u00e4ufer in Verzug der Annahme ist. Die Lieferung erfolgt an die vom Kunden angegebene Lieferadresse.<\/li>\n<li>S\u00e4mtliche Preise sind Barzahlungspreise inkl. Mehrwertsteuer zuz\u00fcglich eventuell anfallender Verpackungs- und Transportkosten.<\/li>\n<li>Die Lieferung innerhalb Deutschlands kostet pro Bestellung 17,85 Euro Die Versandkosten in andere L\u00e4nder sind unter Versandkosten zu finden. Bei Lieferungen in Drittl\u00e4nder fallen zus\u00e4tzliche Z\u00f6lle und Geb\u00fchren f\u00fcr den Kunden an.<\/li>\n<li>Die Ware ist umgehend nach Empfangnahme durch den Kunden oder seinen Beauftragten auf Transportsch\u00e4den zu untersuchen, wenn der Kunde Kaufmann im Sinne des HGB ist. Feststellbare Transport- und Verpackungssch\u00e4den muss sich der Kunde, der Kaufmann im Sinne des HGB ist, bei Annahme der Ware von dem Transportunternehmen schriftlich best\u00e4tigen lassen und diese gegen\u00fcber Megacase anzeigen. Kunden, die Verbraucher sind, bitten wir rechtlich unverbindlich, uns offensichtlich erkennbare Transportsch\u00e4den ebenfalls zu melden.<\/li>\n<\/ol>\n<h3>\u00a7 3 Gesetzliches Widerrufsrecht<\/h3>\n<ol>\n<li><strong>Widerrufsrecht<br \/>\n<\/strong>Sofern der Kunde Verbraucher (\u00a7 13 BGB) ist, hat er das Recht, binnen vierzehn Tagen ohne Angabe von Gr\u00fcnden diesen Vertrag zu widerrufen. Die Widerrufsfrist betr\u00e4gt vierzehn Tage ab dem Tag, an dem der Kunde oder ein von ihm benannter Dritter, der nicht der Bef\u00f6rderer ist, die letzte Ware in Besitz genommen hat.<br \/>\nUm das Widerrufsrecht auszu\u00fcben, muss der Kunde uns (Megacase GmbH, Am Wiesenweg 3, 97262 Hausen, Telefon: 09367-985730, E-Mail: info@megacase.com) mittels einer eindeutigen Erkl\u00e4rung (z.B. ein mit der Post versandter Brief, Telefax oder E-Mail) \u00fcber seinen Entschluss, diesen Vertrag zu widerrufen, informieren. Er kann daf\u00fcr das beigef\u00fcgte Muster-Widerrufsformular verwenden, das jedoch nicht vorgeschrieben ist.<br \/>\nZur Wahrung der Widerrufsfrist reicht es aus, dass der Kunde die Mitteilung \u00fcber die Aus\u00fcbung des Widerrufsrechts vor Ablauf der Widerrufsfrist absendet.<\/li>\n<\/ol>\n<ol start=\"2\">\n<li><strong>Folgen des Widerrufs<br \/>\n<\/strong>Wenn der Kunde diesen Vertrag widerruft, haben wir alle Zahlungen, die wir von ihm erhalten haben, einschlie\u00dflich der Lieferkosten (mit Ausnahme der zus\u00e4tzlichen Kosten, die sich daraus ergeben, dass der Kunde eine andere Art der Lieferung als die von uns angebotene, g\u00fcnstigste Standardlieferung gew\u00e4hlt hat), unverz\u00fcglich und sp\u00e4testens binnen vierzehn Tagen ab dem Tag zur\u00fcckzuzahlen, an dem die Mitteilung \u00fcber den Widerruf dieses Vertrages bei uns eingegangen ist. F\u00fcr diese R\u00fcckzahlung verwenden wir dasselbe Zahlungsmittel, das auch der Kunde bei der urspr\u00fcnglichen Transaktion eingesetzt hat, es sei denn, es wurde ausdr\u00fccklich etwas anderes vereinbart; in keinem Fall werden dem Kunden wegen dieser R\u00fcckzahlung Entgelte berechnet. Wir k\u00f6nnen die R\u00fcckzahlung verweigern, bis wir die Waren wieder zur\u00fcckerhalten haben oder bis der Nachweis durch den Kunden erbracht wird, dass die Waren zur\u00fcckgesandt wurden, je nachdem, welches der fr\u00fchere Zeitpunkt ist.<br \/>\nDer Kunde hat die Waren unverz\u00fcglich und in jedem Fall sp\u00e4testens binnen vierzehn Tagen ab dem Tag, an dem er uns \u00fcber den Widerruf dieses Vertrages unterrichtet, an uns zur\u00fcckzusenden oder zu \u00fcbergeben. Die Frist ist gewahrt, wenn der Kunde die Waren vor Ablauf der Frist von vierzehn Tagen absendet. Die Kosten der R\u00fccksendung der Waren hat der K\u00e4ufer zu tragen.<br \/>\nDer Kunde muss f\u00fcr einen etwaigen Wertverlust der Waren nur aufkommen, wenn dieser Wertverlust auf einen zur Pr\u00fcfung der Beschaffenheit, Eigenschaften und Funktionsweise der Waren nicht notwendigen Umgang mit ihnen zur\u00fcckzuf\u00fchren ist.<\/li>\n<\/ol>\n<ol start=\"3\">\n<li><strong>Ausschluss des Widerrufsrechts<br \/>\n<\/strong>Das Widerrufsrecht besteht nicht bei Lieferung von Waren, die nicht vorgefertigt sind und f\u00fcr deren Herstellung eine individuelle Auswahl oder Bestimmung durch den Verbraucher ma\u00dfgeblich ist oder die eindeutig auf die pers\u00f6nlichen Bed\u00fcrfnisse des Verbrauchers zugeschnitten sind,<\/li>\n<\/ol>\n<h3>\u00a7 4 Gew\u00e4hrleistung und Schadensersatz<\/h3>\n<ol>\n<li>M\u00e4ngel oder Besch\u00e4digungen, die auf schuldhafte oder unsachgem\u00e4\u00dfe Behandlung oder unsachgem\u00e4\u00dfen Einbau sowie Verwendung ungeeigneten Zubeh\u00f6rs oder \u00c4nderungen der Originalteile durch den Kunden oder einem von Megacase nicht beauftragten Dritten zur\u00fcckzuf\u00fchren sind, sind von der Gew\u00e4hrleistung ausgeschlossen.<\/li>\n<li>Ein auf Gebrauch beruhender Verschlei\u00df ist von der Gew\u00e4hrleistung ebenfalls ausgeschlossen.<\/li>\n<li>Nimmt der Kunde die Ware oder den Auftragsgegenstand trotz Kenntnis eines Mangels an, stehen ihm Gew\u00e4hrleistungsanspr\u00fcche in dem nachstehend beschriebenen Umfang nur zu, wenn er sich diese ausdr\u00fccklich und in Textform (z. B. E-Mail) unverz\u00fcglich nach Empfang der Ware vorbeh\u00e4lt.<\/li>\n<li>Gew\u00e4hrleistungsanspr\u00fcche wegen bestehender Transportsch\u00e4den stehen dem Kunden nur zu, wenn er seiner Untersuchungs- und Anzeigepflicht gem\u00e4\u00df \u00a7 2 Ziffer 4 nachgekommen ist. Dies gilt nicht, wenn der Kunde Verbraucher ist.<\/li>\n<li>Die Gew\u00e4hrleistungsfrist f\u00fcr neue Sachen betr\u00e4gt 24 Monate. Die Frist beginnt mit Gefahr\u00fcbergang zu laufen. Die Gew\u00e4hrleistungsfrist f\u00fcr gebrauchte Sachen betr\u00e4gt abweichend 12 Monate, sofern Megacase nicht nach \u00a7 4 Ziffer 7, insbesondere f\u00fcr die Verletzung von Leben, K\u00f6rper und Gesundheit, eine unbeschr\u00e4nkte Haftung trifft. Ist der Kunde Unternehmer, so betr\u00e4gt die Gew\u00e4hrleistungsfrist f\u00fcr neue Sachen ein Jahr und f\u00fcr gebrauchte Sachen sechs Monate ab Gefahr\u00fcbergang, sofern Megacase nicht nach \u00a7 4 Ziffer 7, insbesondere f\u00fcr die Verletzung von Leben, K\u00f6rper und Gesundheit, eine unbeschr\u00e4nkte Haftung trifft.<\/li>\n<li>Im \u00dcbrigen richtet sich die Gew\u00e4hrleistung nach den gesetzlichen Vorschriften.<\/li>\n<li>F\u00fcr andere als durch Verletzung von Leben, K\u00f6rper und Gesundheit entstehende Sch\u00e4den haftet Megacase lediglich, soweit diese auf vors\u00e4tzlichem oder grob fahrl\u00e4ssigem Handeln oder auf schuldhafter Verletzung einer wesentlichen Vertragspflicht durch Megacase oder eines Erf\u00fcllungsgehilfen (z. B. dem Zustelldienst) von Megacase beruhen. Eine dar\u00fcber hinausgehende Haftung auf Schadensersatz ist ausgeschlossen. Die Bestimmungen des Produkthaftungsgesetzes bleiben unber\u00fchrt. Wird eine wesentliche Vertragspflicht fahrl\u00e4ssig verletzt, so ist die Haftung von Megacase auf den vorhersehbaren Schaden begrenzt.<\/li>\n<\/ol>\n<h3>\u00a7 5 F\u00fcnf Jahre Megacase-Garantie<\/h3>\n<p>Zus\u00e4tzlich zur gesetzlichen Gew\u00e4hrleistung \u00fcbernimmt Megacase 5 Jahre Garantie nach Ma\u00dfgabe der folgenden Regelungen:<\/p>\n<ol>\n<li>Megacase leistet Garantie f\u00fcr alle w\u00e4hrend eines Zeitraums von f\u00fcnf Jahren ab Gefahr\u00fcbergang auftretenden M\u00e4ngel, die nachweislich auf einen Material- oder Herstellungsfehler zur\u00fcckzuf\u00fchren sind. Der Anspruch auf Garantieleistung steht nur dem Kunden, der Verbraucher ist, zu und kann nicht abgetreten werden.<\/li>\n<li>Von der Garantie ausgenommen sind:\n<ul>\n<li>Gebrauchte Waren<\/li>\n<li>Produkte, die einem gebrauchsbedingten oder sonstigem Verschlei\u00df unterliegen.<\/li>\n<li>M\u00e4ngel am Produkt, die auf Nichtbeachtung von Bedienungshinweisen, nicht bestimmungsgem\u00e4\u00dfen Gebrauch, anomale Umweltbedingungen, sachfremde Betriebsbedingungen, \u00dcberlastung oder mangelnde Wartung oder Pflege zur\u00fcckzuf\u00fchren sind.<\/li>\n<li>M\u00e4ngel am Produkt, die durch Verwendung von Zubeh\u00f6r-, Erg\u00e4nzungs- oder Ersatzteilen verursacht wurden, die keine Originalteile sind.<\/li>\n<li>Produkte, an denen Ver\u00e4nderungen oder Erg\u00e4nzungen vorgenommen wurden.<\/li>\n<li>Geringf\u00fcgige Abweichungen von der Soll-Beschaffenheit, die f\u00fcr Wert- und Gebrauchstauglichkeit des Produkts unerheblich sind.<\/li>\n<\/ul>\n<\/li>\n<li>Die Behebung eines von Megacase als garantiepflichtig anerkannten Mangels erfolgt in der Weise, dass das mangelhafte Produkt nach unserer Wahl unentgeltlich repariert oder durch ein einwandfreies Produkt (ggf. auch ein Nachfolgemodell) ersetzt wird. Ersetzte Produkte oder Teile gehen in Eigentum von Megacase \u00fcber.<\/li>\n<li>Der Garantieanspruch muss innerhalb der Garantiezeit geltend gemacht werden. Hierf\u00fcr ist das betroffene Produkt nach vorheriger Absprache mit Megacasse mit einer Rechnungskopie an Megacase zur\u00fcckzusenden.<\/li>\n<li>Andere Anspr\u00fcche als das in diesen Garantiebedingungen genannte Recht auf Behebung der M\u00e4ngel am Produkt werden durch diese Garantie nicht begr\u00fcndet.<\/li>\n<li>Durch die Erbringung von Garantieleistungen wird die Garantiefrist f\u00fcr das Produkt weder verl\u00e4ngert noch erneut in Gang gesetzt.<\/li>\n<li>Gew\u00e4hrleistungsrechte des Kunden nach \u00a7 4 und nach den gesetzlichen Vorschriften werden durch diese Garantiebedingungen nicht eingeschr\u00e4nkt.<\/li>\n<\/ol>\n<h3>\u00a7 6 F\u00e4lligkeit und Zahlungsbedingungen<\/h3>\n<ol>\n<li>Die Rechnungen von Megacase sind \u2013 soweit nicht schriftlich etwas anderes vereinbart wurde \u2013 unverz\u00fcglich und ohne Abzug zahlbar. Die Zahlung erfolgt bei Anlieferung per Nachnahme gegen Barzahlung. Bestellungen per Vorauskasse werden erst nach Zahlungseingang versendet. Bei Kreditkartenzahlung erfolgt die eigentliche Abbuchung mit Erstellung der Rechnung und Versand der Ware. Direkt bei Absenden der Online-Bestellung durch den Kunden wird der Gesamtbetrag auf seiner Kreditkarte reserviert.<\/li>\n<li>Die Ablehnung von Schecks und anderen unbaren Zahlungsmitteln beh\u00e4lt sich Megacase vor. Die Annahme erfolgt stets nur zahlungshalber. Zahlungen in fremder W\u00e4hrung werden gem\u00e4\u00df Bankabrechnung gutgeschrieben. Bankgeb\u00fchren sind vom Kunden zu tragen.<\/li>\n<li>Kommt der Kunde mit der Bezahlung des Kaufpreises in Verzug, so ist die Summe des Kaufpreises w\u00e4hrend des Verzuges mit f\u00fcnf Prozentpunkten \u00fcber dem jeweiligen Basiszinssatz zu verzinsen. Falls Megacase ein h\u00f6herer Verzugsschaden nachweisbar entstanden ist, ist Megacase berechtigt, diesen geltend zu machen.<\/li>\n<\/ol>\n<h3>\u00a7 7 Eigentumsvorbehalt<\/h3>\n<ol>\n<li>Bis zur vollst\u00e4ndigen Bezahlung aller gegen den Kunden bestehenden Anspr\u00fcche, einschlie\u00dflich aller bestehenden Nebenforderungen, verbleibt die gelieferte Ware im Eigentum von Megacase, soweit der Kunde Kaufmann im Sinne des HGB ist. Bei Vertr\u00e4gen mit Verbrauchern beh\u00e4lt sich Megacase das Eigentum bis zur vollst\u00e4ndigen Zahlung des Kaufpreises vor.<\/li>\n<li>Der Kunde ist nicht berechtigt, die Ware bis zur vollst\u00e4ndigen Bezahlung des Kaufpreises an Dritte zu ver\u00e4u\u00dfern oder sonstige, das Eigentum von Megacase gef\u00e4hrdende Ma\u00dfnahmen zu ergreifen. Der Kunde tritt bereits jetzt seine k\u00fcnftigen Anspr\u00fcche gegen\u00fcber dem Erwerber in H\u00f6he des zwischen Megacase und dem Kunden vereinbarten Kaufpreises samt Zinsen und Nebenforderungen an Megacase ab. Megacase nimmt diese Abtretung an.<\/li>\n<\/ol>\n<h3>\u00a7 8 Erf\u00fcllungsort und Gerichtsstand<\/h3>\n<ol>\n<li>Es gilt ausschlie\u00dflich deutsches Recht unter Ausschluss des UN-Kaufrechts (CISG). F\u00fcr den Fall, dass der K\u00e4ufer Verbraucher ist, gilt dies nur insoweit, als nicht der gew\u00e4hrte Schutz durch zwingende Bestimmungen des Rechts des Staates, in dem der Verbraucher seinen gew\u00f6hnlichen Aufenthalt hat, entzogen wird.<\/li>\n<li>Erf\u00fcllungsort f\u00fcr alle Leistungen aus der mit der Firma Megacase GmbH bestehenden Gesch\u00e4ftsbeziehungen ist Hausen, soweit der Kunde Kaufmann, juristische Person des \u00f6ffentlichen Rechts oder \u00f6ffentlich-rechtliches Sonderverm\u00f6gen ist.<\/li>\n<li>Sofern der Kunde Kaufmann, juristische Person des \u00f6ffentlichen Rechts oder \u00f6ffentlich-rechtliches Sonderverm\u00f6gen ist, ist W\u00fcrzburg ausschlie\u00dflicher Gerichtsstand f\u00fcr alle sich aus dem Vertragsverh\u00e4ltnis mit dem Kunden oder aus diesen Allgemeinen Gesch\u00e4ftsbedingungen unmittelbar oder mittelbar ergebenden Streitigkeiten.<\/li>\n<\/ol>\n<h3>\u00a7 9 Alternative Streitbeilegung<\/h3>\n<p>Zur Teilnahme an einem Streitbeilegungsverfahren vor einer Verbraucherschlichtungsstelle ist der Verk\u00e4ufer nicht verpflichtet und grunds\u00e4tzlich nicht bereit.<\/p>\n<h3>\u00a7 10 Schlussbestimmung<\/h3>\n<p>Sollten einzelne dieser Bestimmungen \u2013 gleich aus welchem Grund \u2013 nicht zur Anwendung gelangen, so wird dadurch die Wirksamkeit der \u00fcbrigen Bestimmungen nicht ber\u00fchrt.<\/p>\n","protected":false},"excerpt":{"rendered":"<p>Allgemeine Gesch\u00e4ftsbedingungen \u00a7 1 Allgemeines F\u00fcr die Gesch\u00e4ftsbeziehungen jeglicher Art zwischen der Megacase GmbH, Am Wiesenweg 19-21, 97262 Hausen (nachfolgend<\/p>\n","protected":false},"author":8,"featured_media":0,"parent":0,"menu_order":0,"comment_status":"closed","ping_status":"closed","template":"","meta":{"_acf_changed":false,"footnotes":""},"class_list":["post-355","page","type-page","status-publish","hentry"],"acf":[],"_links":{"self":[{"href":"https:\/\/megacase.com\/de\/wp-json\/wp\/v2\/pages\/355","targetHints":{"allow":["GET"]}}],"collection":[{"href":"https:\/\/megacase.com\/de\/wp-json\/wp\/v2\/pages"}],"about":[{"href":"https:\/\/megacase.com\/de\/wp-json\/wp\/v2\/types\/page"}],"author":[{"embeddable":true,"href":"https:\/\/megacase.com\/de\/wp-json\/wp\/v2\/users\/8"}],"replies":[{"embeddable":true,"href":"https:\/\/megacase.com\/de\/wp-json\/wp\/v2\/comments?post=355"}],"version-history":[{"count":6,"href":"https:\/\/megacase.com\/de\/wp-json\/wp\/v2\/pages\/355\/revisions"}],"predecessor-version":[{"id":281273,"href":"https:\/\/megacase.com\/de\/wp-json\/wp\/v2\/pages\/355\/revisions\/281273"}],"wp:attachment":[{"href":"https:\/\/megacase.com\/de\/wp-json\/wp\/v2\/media?parent=355"}],"curies":[{"name":"wp","href":"https:\/\/api.w.org\/{rel}","templated":true}]}}