{"id":334,"date":"2016-08-09T15:03:59","date_gmt":"2016-08-09T13:03:59","guid":{"rendered":"http:\/\/mc.sunlab.eu\/?page_id=334"},"modified":"2021-12-10T11:49:52","modified_gmt":"2021-12-10T10:49:52","slug":"faq","status":"publish","type":"page","link":"https:\/\/megacase.com\/de\/faq\/","title":{"rendered":"Fragen \/ Antworten"},"content":{"rendered":"<p><strong>Welche Qualit\u00e4t liefert Megacase?<\/strong><\/p>\n<p>Megacase hat sich auf hochwertige Profi Cases f\u00fcr den harten B\u00fchneneinsatz spezialisiert. Alle Cases sind &#8222;Made in Germany&#8220; und entsprechen h\u00f6chsten Industriestandards. Wir distanzieren uns ausdr\u00fccklich von China-Cases oder Importware.<\/p>\n<p><strong>Wird jedes Flightcase bei Megacase ma\u00dfangefertigt?<\/strong><\/p>\n<p>Ja, nach der Bestellung geht Ihr Flightcase sofort in Produktion. Jedes Case wird passgenau nach Ihren W\u00fcnschen gefertigt &amp; direkt aus der Fabrik geliefert. Ohne Zwischenh\u00e4ndler oder Umwege erfolgt eine direkte Lieferung vor Ihre Haust\u00fcre oder an Ihr Unternehmen.<\/p>\n<p><strong>Wie lange ist die Lieferzeit meines bestellten Cases?<\/strong><\/p>\n<p>Bestellte Cases gehen nach Zahlungseingang in der Regel noch am gleichen Tag in Produktion. Im Normalfall betr\u00e4gt die Lieferzeit innerhalb Deutschlands nur ca. 10-14 Werktage. Wegen der aktuellen Situation jedoch ist es uns nicht m\u00f6glich diese Lieferzeit einzuhalten. Unsere Lieferzeiten sind zur Zeit ca. 30-35 Werktage (Werktage=Mo-Fr)<\/p>\n<p><strong>Bietet Megacase.com auch andere Casemodelle an?<\/strong><\/p>\n<p>Ja! Megacase baut nahezu jedes erdenkliche Flightcase. Spezielle Anfragen k\u00f6nnen Sie mit Hilfe unseres <a href=\"https:\/\/megacase.com\/nl\/contact\/\">Formulars f\u00fcr individuelle Cases<\/a> an uns schicken. Wir beraten Sie gerne.<\/p>\n<p><strong>Wie kann ich mein Case bezahlen?<\/strong><\/p>\n<p>Jedes Flightcase k\u00f6nnen Sie bequem via Vorkasse, Paypal, Kreditkarte oder Sofort\u00fcberweisung\u00a0bezahlen.<\/p>\n","protected":false},"excerpt":{"rendered":"<p>Welche Qualit\u00e4t liefert Megacase? Megacase hat sich auf hochwertige Profi Cases f\u00fcr den harten B\u00fchneneinsatz spezialisiert. Alle Cases sind &#8222;Made<\/p>\n","protected":false},"author":8,"featured_media":0,"parent":0,"menu_order":0,"comment_status":"closed","ping_status":"closed","template":"","meta":{"_acf_changed":false,"footnotes":""},"class_list":["post-334","page","type-page","status-publish","hentry"],"acf":[],"_links":{"self":[{"href":"https:\/\/megacase.com\/de\/wp-json\/wp\/v2\/pages\/334","targetHints":{"allow":["GET"]}}],"collection":[{"href":"https:\/\/megacase.com\/de\/wp-json\/wp\/v2\/pages"}],"about":[{"href":"https:\/\/megacase.com\/de\/wp-json\/wp\/v2\/types\/page"}],"author":[{"embeddable":true,"href":"https:\/\/megacase.com\/de\/wp-json\/wp\/v2\/users\/8"}],"replies":[{"embeddable":true,"href":"https:\/\/megacase.com\/de\/wp-json\/wp\/v2\/comments?post=334"}],"version-history":[{"count":5,"href":"https:\/\/megacase.com\/de\/wp-json\/wp\/v2\/pages\/334\/revisions"}],"predecessor-version":[{"id":229710,"href":"https:\/\/megacase.com\/de\/wp-json\/wp\/v2\/pages\/334\/revisions\/229710"}],"wp:attachment":[{"href":"https:\/\/megacase.com\/de\/wp-json\/wp\/v2\/media?parent=334"}],"curies":[{"name":"wp","href":"https:\/\/api.w.org\/{rel}","templated":true}]}}