{"id":293,"date":"2016-08-09T14:06:50","date_gmt":"2016-08-09T12:06:50","guid":{"rendered":"http:\/\/mc.sunlab.eu\/?page_id=293"},"modified":"2025-07-22T16:07:08","modified_gmt":"2025-07-22T14:07:08","slug":"impressum","status":"publish","type":"page","link":"https:\/\/megacase.com\/de\/impressum\/","title":{"rendered":"Impressum und rechtliche Hinweise"},"content":{"rendered":"<h3>Anbieterkennzeichnung<\/h3>\n<p><strong>Megacase GmbH<\/strong><br \/>\nAm Wiesenweg 19-21<br \/>\n97262 Hausen bei W\u00fcrzburg<br \/>\nGermany<\/p>\n<p>Telefon: +499367985730<br \/>\nE-Mail: info@megacase.com<\/p>\n<p>Vertretungsberechtigter Gesch\u00e4ftsf\u00fchrer: Martijn Treike ( info@megacase.com)<br \/>\nUmsatzsteuer-Identifikationsnummer gem\u00e4\u00df \u00a7 27a Umsatzsteuergesetz: DE276255258<br \/>\nHandelsregister-Nummer: HRB 12219<br \/>\nRegistergericht: Amtsgericht W\u00fcrzburg<br \/>\nSitz der Gesellschaft: Hausen<\/p>\n<h3><strong>Allgemeine Gesch\u00e4ftsbedingungen (AGB)<\/strong><\/h3>\n<p>Unsere Allgemeinen Gesch\u00e4ftsbedingungen (AGB) finden Sie <a href=\"https:\/\/megacase.com\/de\/agb\/\">hier<\/a>.<\/p>\n<h3><strong>Au\u00dfergerichtliche Streitbeilegung<\/strong><\/h3>\n<p>Die EU-Kommission stellt unter dem Link http:\/\/ec.europa.eu\/odr eine Online-Plattform zur Streitbeilegung (\u201eOS-Plattform\u201c) zur Verf\u00fcgung.<br \/>\nSofern der Kunde ein in der europ\u00e4ischen Union wohnhafter Verbraucher ist, besteht die M\u00f6glichkeit, zur au\u00dfergerichtlichen Beilegung von Streitigkeiten \u00fcber vertragliche Verpflichtungen aus Online-Kaufvertr\u00e4gen diese Plattform zu nutzen.<br \/>\nWir sind verpflichtet, Sie \u00fcber die Existenz dieser OS-Plattform und in diesem Zusammenhang auch \u00fcber unsere E-Mail-Adresse info@megacase.com zu informieren.<br \/>\nWir bem\u00fchen uns, m\u00f6gliche Meinungsverschiedenheiten bez\u00fcglich mit unseren Kunden geschlossenen Vertr\u00e4gen einvernehmlich \u00fcber unseren Kundenservice zu l\u00f6sen. Dar\u00fcber hinaus sind wir zur Teilnahme an einem Streitbeilegungsverfahren vor einer Verbraucherschlichtungsstelle nicht verpflichtet und grunds\u00e4tzlich auch nicht bereit.<\/p>\n<h3>Hinweise zum Datenschutz<\/h3>\n<p>Wir versichern hiermit, dass Ihre Daten vertraulich behandelt werden. N\u00e4here Informationen zum Datenschutz k\u00f6nnen Sie unseren <a href=\"https:\/\/megacase.com\/de\/datenschutzbelehrung\/\">Datenschutzhinweisen<\/a> entnehmen.<\/p>\n<h3>Hinweise zu Markenzeichen<\/h3>\n<p>Markenzeichen bzw. Warenzeichen sind Eigentum der jeweiligen Markeninhaber und werden auf dieser Seite in der Regel nicht als solche kenntlich gemacht. Das Fehlen einer derartigen Kennzeichnung bedeutet nicht, dass es sich hierbei um einen freien Namen im Sinne des Marken- und Kennzeichenrechts handelt.<\/p>\n<h3>Copyright<\/h3>\n<p>\u00a9 Copyright 2017 Megacase GmbH. Alle Rechte vorbehalten. Die Inhalte auf dieser Website sind urheberrechtlich gesch\u00fctzt. Alle Rechte liegen bei der Megacase GmbH oder deren Partnern (Lieferanten, Hersteller usw.). Jede Verwendung der Inhalte dieser Website au\u00dferhalb der Grenzen des Urheberrechts ist ohne die ausdr\u00fcckliche Erlaubnis der Megacase GmbH nicht gestattet.<\/p>\n","protected":false},"excerpt":{"rendered":"<p>Anbieterkennzeichnung Megacase GmbH Am Wiesenweg 19-21 97262 Hausen bei W\u00fcrzburg Germany Telefon: +499367985730 E-Mail: info@megacase.com Vertretungsberechtigter Gesch\u00e4ftsf\u00fchrer: Martijn Treike (<\/p>\n","protected":false},"author":13401,"featured_media":0,"parent":0,"menu_order":0,"comment_status":"closed","ping_status":"closed","template":"","meta":{"_acf_changed":false,"footnotes":""},"class_list":["post-293","page","type-page","status-publish","hentry"],"acf":[],"_links":{"self":[{"href":"https:\/\/megacase.com\/de\/wp-json\/wp\/v2\/pages\/293","targetHints":{"allow":["GET"]}}],"collection":[{"href":"https:\/\/megacase.com\/de\/wp-json\/wp\/v2\/pages"}],"about":[{"href":"https:\/\/megacase.com\/de\/wp-json\/wp\/v2\/types\/page"}],"author":[{"embeddable":true,"href":"https:\/\/megacase.com\/de\/wp-json\/wp\/v2\/users\/13401"}],"replies":[{"embeddable":true,"href":"https:\/\/megacase.com\/de\/wp-json\/wp\/v2\/comments?post=293"}],"version-history":[{"count":5,"href":"https:\/\/megacase.com\/de\/wp-json\/wp\/v2\/pages\/293\/revisions"}],"predecessor-version":[{"id":281272,"href":"https:\/\/megacase.com\/de\/wp-json\/wp\/v2\/pages\/293\/revisions\/281272"}],"wp:attachment":[{"href":"https:\/\/megacase.com\/de\/wp-json\/wp\/v2\/media?parent=293"}],"curies":[{"name":"wp","href":"https:\/\/api.w.org\/{rel}","templated":true}]}}