{"id":135,"date":"2015-09-08T09:25:02","date_gmt":"2015-09-08T07:25:02","guid":{"rendered":"http:\/\/mc.sunlab.eu\/?page_id=135"},"modified":"2018-03-28T16:35:50","modified_gmt":"2018-03-28T14:35:50","slug":"kontakt","status":"publish","type":"page","link":"https:\/\/megacase.com\/de\/kontakt\/","title":{"rendered":"Kontakt"},"content":{"rendered":"<div><strong>Ben\u00f6tigen Sie Hilfe bei der Auswahl oder Gestaltung Ihres Wunschcases?\u00a0<\/strong>Kein Problem &#8211; unsere geschulten Flightcase-Entwickler helfen Ihnen, Ihr pers\u00f6nliches Megacase zu designen und die richtigen Optionen und Features auszuw\u00e4hlen.\u00a0Ihr pers\u00f6nliches Angebot senden wir Ihnen dann <strong>innerhalb von 24 Stunden<\/strong> zu.<\/div>\n<div><\/div>\n<div>\n<h2>Mein Wunschcase<\/h2>\n<div>\n<div class=\"wpcf7 no-js\" id=\"wpcf7-f104863-o1\" lang=\"de-DE\" dir=\"ltr\" data-wpcf7-id=\"104863\">\n<div class=\"screen-reader-response\"><p role=\"status\" aria-live=\"polite\" aria-atomic=\"true\"><\/p> <ul><\/ul><\/div>\n<form action=\"\/de\/wp-json\/wp\/v2\/pages\/135#wpcf7-f104863-o1\" method=\"post\" class=\"wpcf7-form init\" aria-label=\"Kontaktformular\" novalidate=\"novalidate\" data-status=\"init\">\n<fieldset class=\"hidden-fields-container\"><input type=\"hidden\" name=\"_wpcf7\" value=\"104863\" \/><input type=\"hidden\" name=\"_wpcf7_version\" value=\"6.1.5\" \/><input type=\"hidden\" name=\"_wpcf7_locale\" value=\"de_DE_formal\" \/><input type=\"hidden\" name=\"_wpcf7_unit_tag\" value=\"wpcf7-f104863-o1\" \/><input type=\"hidden\" name=\"_wpcf7_container_post\" value=\"0\" \/><input type=\"hidden\" name=\"_wpcf7_posted_data_hash\" value=\"\" \/>\n<\/fieldset>\n<div>\n\t<h3>Anfrage:\n\t<\/h3>\n\t<p><label>Betreff<br \/>\n<span class=\"wpcf7-form-control-wrap\" data-name=\"your-subject\"><input size=\"40\" maxlength=\"400\" class=\"wpcf7-form-control wpcf7-text wpcf7-validates-as-required\" aria-required=\"true\" aria-invalid=\"false\" value=\"\" type=\"text\" name=\"your-subject\" \/><\/span> <\/label>\n\t<\/p>\n\t<p><label>Ihre Nachricht<br \/>\n(bei Case Anfragen beschreiben Sie bitte Ihr Wunschcase)<br \/>\n<span class=\"wpcf7-form-control-wrap\" data-name=\"your-message\"><textarea cols=\"40\" rows=\"10\" maxlength=\"2000\" class=\"wpcf7-form-control wpcf7-textarea wpcf7-validates-as-required\" aria-required=\"true\" aria-invalid=\"false\" name=\"your-message\"><\/textarea><\/span> <\/label>\n\t<\/p>\n\t<h3>Merkmale Ihres Cases (optional)\n\t<\/h3>\n\t<p><strong>Innenma\u00dfe (Breite\/H\u00f6he\/Tiefe):<\/strong>\n\t<\/p>\n\t<p><label>Breite (mm)<br \/>\n<span class=\"wpcf7-form-control-wrap\" data-name=\"number-width\"><input class=\"wpcf7-form-control wpcf7-number wpcf7-validates-as-number\" aria-invalid=\"false\" value=\"\" type=\"number\" name=\"number-width\" \/><\/span> <\/label>\n\t<\/p>\n\t<p><label>H\u00f6he (mm)<br \/>\n<span class=\"wpcf7-form-control-wrap\" data-name=\"number-height\"><input class=\"wpcf7-form-control wpcf7-number wpcf7-validates-as-number\" aria-invalid=\"false\" value=\"\" type=\"number\" name=\"number-height\" \/><\/span> <\/label>\n\t<\/p>\n\t<p><label>Tiefe (mm)<br \/>\n<span class=\"wpcf7-form-control-wrap\" data-name=\"number-depth\"><input class=\"wpcf7-form-control wpcf7-number wpcf7-validates-as-number\" aria-invalid=\"false\" value=\"\" type=\"number\" name=\"number-depth\" \/><\/span> <\/label>\n\t<\/p>\n\t<p><label>Gesch\u00e4tztes Gewicht des transportierten Equipments (Kg)<br \/>\n<span class=\"wpcf7-form-control-wrap\" data-name=\"number-weight\"><input class=\"wpcf7-form-control wpcf7-number wpcf7-validates-as-number\" aria-invalid=\"false\" value=\"\" type=\"number\" name=\"number-weight\" \/><\/span> <\/label>\n\t<\/p>\n\t<p><label>19\u201c Rack?<\/label><br \/>\n<span class=\"wpcf7-form-control-wrap\" data-name=\"radio-19rack\"><span class=\"wpcf7-form-control wpcf7-radio\"><span class=\"wpcf7-list-item first\"><input type=\"radio\" name=\"radio-19rack\" value=\"Ja\" \/><span class=\"wpcf7-list-item-label\">Ja<\/span><\/span><span class=\"wpcf7-list-item last\"><input type=\"radio\" name=\"radio-19rack\" value=\"Nein\" checked=\"checked\" \/><span class=\"wpcf7-list-item-label\">Nein<\/span><\/span><\/span><\/span>\n\t<\/p>\n<\/div>\n<div>\n\t<h3>Ihre Kontaktdaten f\u00fcr R\u00fcckfragen und die Angebotszusendung:\n\t<\/h3>\n\t<p><label>Firma (optional)<br \/>\n<span class=\"wpcf7-form-control-wrap\" data-name=\"your-company\"><input size=\"40\" maxlength=\"400\" class=\"wpcf7-form-control wpcf7-text\" aria-invalid=\"false\" value=\"\" type=\"text\" name=\"your-company\" \/><\/span> <\/label>\n\t<\/p>\n\t<p><label>Vorname<br \/>\n<span class=\"wpcf7-form-control-wrap\" data-name=\"your-firstname\"><input size=\"40\" maxlength=\"400\" class=\"wpcf7-form-control wpcf7-text\" aria-invalid=\"false\" value=\"\" type=\"text\" name=\"your-firstname\" \/><\/span> <\/label>\n\t<\/p>\n\t<p><label>Nachname<br \/>\n<span class=\"wpcf7-form-control-wrap\" data-name=\"your-lastname\"><input size=\"40\" maxlength=\"400\" class=\"wpcf7-form-control wpcf7-text wpcf7-validates-as-required\" aria-required=\"true\" aria-invalid=\"false\" value=\"\" type=\"text\" name=\"your-lastname\" \/><\/span> <\/label>\n\t<\/p>\n\t<p><label>E-Mail-Adresse<br \/>\n<span class=\"wpcf7-form-control-wrap\" data-name=\"your-email\"><input size=\"40\" maxlength=\"400\" class=\"wpcf7-form-control wpcf7-email wpcf7-validates-as-required wpcf7-text wpcf7-validates-as-email\" aria-required=\"true\" aria-invalid=\"false\" value=\"\" type=\"email\" name=\"your-email\" \/><\/span> <\/label>\n\t<\/p>\n\t<p><label>Telefon<br \/>\n<span class=\"wpcf7-form-control-wrap\" data-name=\"your-tel\"><input size=\"40\" maxlength=\"400\" class=\"wpcf7-form-control wpcf7-tel wpcf7-validates-as-required wpcf7-text wpcf7-validates-as-tel\" aria-required=\"true\" aria-invalid=\"false\" value=\"\" type=\"tel\" name=\"your-tel\" \/><\/span> <\/label>\n\t<\/p>\n\t<p><strong>Hinweis:<\/strong><br \/>\nDamit wir Sie bei R\u00fcckfragen schnell erreichen und Ihnen das Angebot z\u00fcgig zuschicken k\u00f6nnen, teilen Sie uns bitte Ihre Telefonnummer mit. Wir werden Ihre Daten nat\u00fcrlich nicht weitergeben und auch nicht f\u00fcr Werbezwecke nutzen.\n\t<\/p>\n\t<p><input class=\"wpcf7-form-control wpcf7-submit has-spinner button\" type=\"submit\" value=\"Senden\" \/>\n\t<\/p>\n<\/div><div class=\"wpcf7-response-output\" aria-hidden=\"true\"><\/div>\n<\/form>\n<\/div>\n<\/div>\n<\/div>\n<div><\/div>\n<p><strong>Sie m\u00f6chten gerne selber basteln? <\/strong><br \/>\nUnsere Flightcase-Entwickler geben Ihnen Tipps und Hilfestellungen, um selbst die ausgefallensten Extraw\u00fcnsche professionell zu realisieren.<\/p>\n<h2>Flightcase Konfigurator<\/h2>\n<p>M\u00f6chten Sie Ihr neues Flightcase \u00fcber unseren Konfigurator mit Live-Vorschau individuell zusammenstellen?<\/p>\n<p><a class=\"button\" style=\"max-width: 400px;\" href=\"https:\/\/megacase.com\/de\/produkt-kategorie\/konfigurator\/\">Zum Konfigurator<\/a><\/p>\n","protected":false},"excerpt":{"rendered":"<p>Ben\u00f6tigen Sie Hilfe bei der Auswahl oder Gestaltung Ihres Wunschcases?\u00a0Kein Problem &#8211; unsere geschulten Flightcase-Entwickler helfen Ihnen, Ihr pers\u00f6nliches Megacase<\/p>\n","protected":false},"author":13401,"featured_media":0,"parent":0,"menu_order":0,"comment_status":"closed","ping_status":"closed","template":"","meta":{"_acf_changed":false,"footnotes":""},"class_list":["post-135","page","type-page","status-publish","hentry"],"acf":[],"_links":{"self":[{"href":"https:\/\/megacase.com\/de\/wp-json\/wp\/v2\/pages\/135","targetHints":{"allow":["GET"]}}],"collection":[{"href":"https:\/\/megacase.com\/de\/wp-json\/wp\/v2\/pages"}],"about":[{"href":"https:\/\/megacase.com\/de\/wp-json\/wp\/v2\/types\/page"}],"author":[{"embeddable":true,"href":"https:\/\/megacase.com\/de\/wp-json\/wp\/v2\/users\/13401"}],"replies":[{"embeddable":true,"href":"https:\/\/megacase.com\/de\/wp-json\/wp\/v2\/comments?post=135"}],"version-history":[{"count":5,"href":"https:\/\/megacase.com\/de\/wp-json\/wp\/v2\/pages\/135\/revisions"}],"predecessor-version":[{"id":105050,"href":"https:\/\/megacase.com\/de\/wp-json\/wp\/v2\/pages\/135\/revisions\/105050"}],"wp:attachment":[{"href":"https:\/\/megacase.com\/de\/wp-json\/wp\/v2\/media?parent=135"}],"curies":[{"name":"wp","href":"https:\/\/api.w.org\/{rel}","templated":true}]}}